{"id":4526,"date":"2019-01-11T08:44:18","date_gmt":"2019-01-11T08:44:18","guid":{"rendered":"https:\/\/livewp.site\/wp\/md\/zohar\/?page_id=4526"},"modified":"2026-04-02T19:46:36","modified_gmt":"2026-04-02T19:46:36","slug":"contactos","status":"publish","type":"page","link":"https:\/\/efikipartners.com\/en\/contactos\/","title":{"rendered":"Contacts"},"content":{"rendered":"\t\t<div data-elementor-type=\"wp-post\" data-elementor-id=\"4526\" class=\"elementor elementor-4526\" data-elementor-post-type=\"page\">\n\t\t\t\t\t\t<section class=\"elementor-section elementor-top-section elementor-element elementor-element-67840bd elementor-section-full_width elementor-section-height-default elementor-section-height-default wpr-particle-no wpr-jarallax-no wpr-parallax-no wpr-sticky-section-no\" data-id=\"67840bd\" data-element_type=\"section\" data-e-type=\"section\">\n\t\t\t\t\t\t<div class=\"elementor-container elementor-column-gap-default\">\n\t\t\t\t\t<div class=\"elementor-column elementor-col-100 elementor-top-column elementor-element elementor-element-c591405\" data-id=\"c591405\" data-element_type=\"column\" data-e-type=\"column\">\n\t\t\t<div class=\"elementor-widget-wrap elementor-element-populated\">\n\t\t\t\t\t\t<div class=\"elementor-element elementor-element-c49e9ac elementor-widget elementor-widget-google_maps\" data-id=\"c49e9ac\" data-element_type=\"widget\" data-e-type=\"widget\" data-widget_type=\"google_maps.default\">\n\t\t\t\t<div class=\"elementor-widget-container\">\n\t\t\t\t\t\t\t<div class=\"elementor-custom-embed\">\n\t\t\t<iframe loading=\"lazy\"\n\t\t\t\t\tsrc=\"https:\/\/maps.google.com\/maps?q=Avenida%20da%20Boavista%2C%203265&#038;t=m&#038;z=15&#038;output=embed&#038;iwloc=near\"\n\t\t\t\t\ttitle=\"Avenida da Boavista, 3265\"\n\t\t\t\t\taria-label=\"Avenida da Boavista, 3265\"\n\t\t\t><\/iframe>\n\t\t<\/div>\n\t\t\t\t\t\t<\/div>\n\t\t\t\t<\/div>\n\t\t\t\t\t<\/div>\n\t\t<\/div>\n\t\t\t\t\t<\/div>\n\t\t<\/section>\n\t\t\t\t<section class=\"elementor-section elementor-top-section elementor-element elementor-element-d6849d4 elementor-section-stretched elementor-section-full_width elementor-section-height-default elementor-section-height-default wpr-particle-no wpr-jarallax-no wpr-parallax-no wpr-sticky-section-no\" data-id=\"d6849d4\" data-element_type=\"section\" data-e-type=\"section\" data-settings=\"{&quot;stretch_section&quot;:&quot;section-stretched&quot;}\">\n\t\t\t\t\t\t<div class=\"elementor-container elementor-column-gap-default\">\n\t\t\t\t\t<div class=\"elementor-column elementor-col-100 elementor-top-column elementor-element elementor-element-d7f6e66\" data-id=\"d7f6e66\" data-element_type=\"column\" data-e-type=\"column\">\n\t\t\t<div class=\"elementor-widget-wrap elementor-element-populated\">\n\t\t\t\t\t\t<div class=\"elementor-element elementor-element-6ba7d61 elementor-hidden-desktop elementor-hidden-tablet elementor-hidden-mobile elementor-widget elementor-widget-gt3-core-googlemap\" data-id=\"6ba7d61\" data-element_type=\"widget\" data-e-type=\"widget\" data-widget_type=\"gt3-core-googlemap.default\">\n\t\t\t\t<div class=\"elementor-widget-container\">\n\t\t\t\t\t\t<div class=\"gt3_core_elementor_map \">\r\n\t\t<div class=\"map-core-canvas map-id-ff92e493\"><\/div>\r\n\t\t\t\t<script>\r\n\t\t\tfunction gt3_core_initialize_map_ff92e493() {\r\n\t\t\t\t\t\t\t\t\tvar styleArray = [{\"featureType\":\"all\",\"elementType\":\"labels.text.fill\",\"stylers\":[{\"saturation\":36},{\"color\":\"#000000\"},{\"lightness\":40}]},{\"featureType\":\"all\",\"elementType\":\"labels.text.stroke\",\"stylers\":[{\"visibility\":\"on\"},{\"color\":\"#000000\"},{\"lightness\":16}]},{\"featureType\":\"all\",\"elementType\":\"labels.icon\",\"stylers\":[{\"visibility\":\"off\"}]},{\"featureType\":\"administrative\",\"elementType\":\"geometry.fill\",\"stylers\":[{\"color\":\"#000000\"},{\"lightness\":20}]},{\"featureType\":\"administrative\",\"elementType\":\"geometry.stroke\",\"stylers\":[{\"color\":\"#000000\"},{\"lightness\":17},{\"weight\":1.2}]},{\"featureType\":\"landscape\",\"elementType\":\"geometry\",\"stylers\":[{\"color\":\"#000000\"},{\"lightness\":20}]},{\"featureType\":\"poi\",\"elementType\":\"geometry\",\"stylers\":[{\"color\":\"#000000\"},{\"lightness\":21}]},{\"featureType\":\"road.highway\",\"elementType\":\"geometry.fill\",\"stylers\":[{\"color\":\"#000000\"},{\"lightness\":17}]},{\"featureType\":\"road.highway\",\"elementType\":\"geometry.stroke\",\"stylers\":[{\"color\":\"#000000\"},{\"lightness\":29},{\"weight\":0.2}]},{\"featureType\":\"road.arterial\",\"elementType\":\"geometry\",\"stylers\":[{\"color\":\"#000000\"},{\"lightness\":18}]},{\"featureType\":\"road.local\",\"elementType\":\"geometry\",\"stylers\":[{\"color\":\"#000000\"},{\"lightness\":16}]},{\"featureType\":\"transit\",\"elementType\":\"geometry\",\"stylers\":[{\"color\":\"#000000\"},{\"lightness\":19}]},{\"featureType\":\"water\",\"elementType\":\"geometry\",\"stylers\":[{\"color\":\"#000000\"},{\"lightness\":17}]}];\r\n\t\t\t\t\r\n\t\t\t\tdefinePopupClass();\r\n\r\n\t\t\t\tvar myLatlng = new google.maps.LatLng(40.7141253, -74.0075442);\r\n\r\n\t\t\t\tvar mapOptions = {\r\n\t\t\t\t\tzoom: 14,\r\n\t\t\t\t\tscrollwheel: false,\r\n\t\t\t\t\tcenter: myLatlng,\r\n\t\t\t\t\tmapTypeId: google.maps.MapTypeId.ROADMAP,\r\n\t\t\t\t\tstyles: styleArray\r\n\t\t\t\t};\r\n\r\n\t\t\t\tvar map = new google.maps.Map(document.getElementsByClassName('map-id-ff92e493')[0], mapOptions);\r\n\r\n\t\t\t\tvar marker = new google.maps.Marker({\r\n\t\t\t\t\t position: myLatlng,\r\n\t\t\t\t\t map: map,\r\n\t\t\t\t\t icon: 'https:\/\/s3.amazonaws.com\/gt3themes\/gmap\/zohar.png'\r\n\t\t\t\t});\r\n\r\n\t\t\t\t\r\n\t\t\t}\r\n\r\n\t\t\tfunction definePopupClass() {\r\n\t\t\t\tPopup = function(position, content) {\r\n\t\t\t\t\tthis.position = position;\r\n\r\n\t\t\t\t\tcontent.classList.add('popup-bubble-content');\r\n\r\n\t\t\t\t\tvar pixelOffset = document.createElement('div');\r\n\t\t\t\t\tpixelOffset.classList.add('popup-bubble-anchor');\r\n\t\t\t\t\tpixelOffset.appendChild(content);\r\n\r\n\t\t\t\t\tthis.anchor = document.createElement('div');\r\n\t\t\t\t\tthis.anchor.classList.add('popup-tip-anchor');\r\n\t\t\t\t\tthis.anchor.appendChild(pixelOffset);\r\n\r\n\t\t\t\t\tthis.stopEventPropagation();\r\n\t\t\t\t};\r\n\t\t\t\tPopup.prototype = Object.create(google.maps.OverlayView.prototype);\r\n\r\n\t\t\t\tPopup.prototype.onAdd = function() {\r\n\t\t\t\t\tthis.getPanes().floatPane.appendChild(this.anchor);\r\n\t\t\t\t};\r\n\r\n\t\t\t\tPopup.prototype.onRemove = function() {\r\n\t\t\t\t\tif (this.anchor.parentElement) {\r\n\t\t\t\t\t\tthis.anchor.parentElement.removeChild(this.anchor);\r\n\t\t\t\t\t}\r\n\t\t\t\t};\r\n\r\n\t\t\t\tPopup.prototype.draw = function() {\r\n\t\t\t\t\tvar divPosition = this.getProjection().fromLatLngToDivPixel(this.position);\r\n\t\t\t\t\tvar display =\r\n\t\t\t\t\t\tMath.abs(divPosition.x) < 4000 && Math.abs(divPosition.y) < 4000 ?\r\n                                    'block' :\r\n                                    'none';\r\n\r\n\t\t\t\t\tif (display === 'block') {\r\n\t\t\t\t\tthis.anchor.style.left = divPosition.x + 'px';\r\n\t\t\t\t\tthis.anchor.style.top = divPosition.y + 'px';\r\n\t\t\t\t}\r\n\t\t\t\tif (this.anchor.style.display !== display) {\r\n\t\t\t\t\tthis.anchor.style.display = display;\r\n\t\t\t\t}\r\n\t\t\t};\r\n\r\n\t\t\tPopup.prototype.stopEventPropagation = function() {\r\n\t\t\t\tvar anchor = this.anchor;\r\n\t\t\t\tanchor.style.cursor = 'auto';\r\n\t\t\t\t\t['click', 'dblclick', 'contextmenu', 'wheel', 'mousedown', 'touchstart', 'pointerdown'].forEach(function(event) {\r\n\t\t\t\t\t\tanchor.addEventListener(event, function(e) {\r\n\t\t\t\t\t\t\te.stopPropagation();\r\n\t\t\t\t\t\t});\r\n\t\t\t\t\t});\r\n\t\t\t};\r\n\t\t\t}\r\n\t\t\tjQuery(document).ready(function(){\r\n\t\t\t\tif ('google' in window) {\r\n\t\t\t\t\tgt3_core_initialize_map_ff92e493();\r\n\t\t\t\t} else {\r\n\t\t\t\t\tsetTimeout(function () {\r\n\t\t\t\t\t\tif ('google' in window) {\r\n\t\t\t\t\t\t\tgt3_core_initialize_map_ff92e493();\r\n\t\t\t\t\t\t}\r\n\t\t\t\t\t}, 3000);\r\n\t\t\t\t}\r\n\t\t\t});\r\n\t\t<\/script>\r\n\t<\/div>\r\n\t\t\t\t<\/div>\n\t\t\t\t<\/div>\n\t\t\t\t\t<\/div>\n\t\t<\/div>\n\t\t\t\t\t<\/div>\n\t\t<\/section>\n\t\t\t\t<section class=\"elementor-section elementor-top-section elementor-element elementor-element-6fc175d elementor-section-boxed elementor-section-height-default elementor-section-height-default wpr-particle-no wpr-jarallax-no wpr-parallax-no wpr-sticky-section-no\" data-id=\"6fc175d\" data-element_type=\"section\" data-e-type=\"section\">\n\t\t\t\t\t\t<div class=\"elementor-container elementor-column-gap-default\">\n\t\t\t\t\t<div class=\"elementor-column elementor-col-66 elementor-top-column elementor-element elementor-element-e2500e3\" data-id=\"e2500e3\" data-element_type=\"column\" data-e-type=\"column\">\n\t\t\t<div class=\"elementor-widget-wrap elementor-element-populated\">\n\t\t\t\t\t\t<div class=\"elementor-element-custom_font_size elementor-element-custom_line_height elementor-element-custom_font_family elementor-element elementor-element-0b1ae38 elementor-widget elementor-widget-text-editor\" data-id=\"0b1ae38\" data-element_type=\"widget\" data-e-type=\"widget\" data-widget_type=\"text-editor.default\">\n\t\t\t\t<div class=\"elementor-widget-container\">\n\t\t\t\t\t\t\t\t\t<p><span>Preencha o formul\u00e1rio em caso de necessidade de esclarecimento de d\u00favidas ou agendamento de reuni\u00e3o. Responderemos o mais brevemente poss\u00edvel.<\/span><\/p>\t\t\t\t\t\t\t\t<\/div>\n\t\t\t\t<\/div>\n\t\t\t\t<div class=\"elementor-element elementor-element-f0808ef elementor-widget elementor-widget-heading\" data-id=\"f0808ef\" data-element_type=\"widget\" data-e-type=\"widget\" data-widget_type=\"heading.default\">\n\t\t\t\t<div class=\"elementor-widget-container\">\n\t\t\t\t\t<h2 class=\"elementor-heading-title elementor-size-default\">Fale Connosco<\/h2>\t\t\t\t<\/div>\n\t\t\t\t<\/div>\n\t\t\t\t<div class=\"elementor-element elementor-element-b73eca1 elementor-widget elementor-widget-shortcode\" data-id=\"b73eca1\" data-element_type=\"widget\" data-e-type=\"widget\" data-widget_type=\"shortcode.default\">\n\t\t\t\t<div class=\"elementor-widget-container\">\n\t\t\t\t\t\t\t<div class=\"elementor-shortcode\">\n<div class=\"wpcf7 no-js\" id=\"wpcf7-f5331-o1\" lang=\"en-US\" dir=\"ltr\" data-wpcf7-id=\"5331\">\n<div class=\"screen-reader-response\"><p role=\"status\" aria-live=\"polite\" aria-atomic=\"true\"><\/p> <ul><\/ul><\/div>\n<form action=\"\/en\/wp-json\/wp\/v2\/pages\/4526#wpcf7-f5331-o1\" method=\"post\" class=\"wpcf7-form init\" aria-label=\"Contact form\" novalidate=\"novalidate\" data-status=\"init\">\n<fieldset class=\"hidden-fields-container\"><input type=\"hidden\" name=\"_wpcf7\" value=\"5331\" \/><input type=\"hidden\" name=\"_wpcf7_version\" value=\"6.1.5\" \/><input type=\"hidden\" name=\"_wpcf7_locale\" value=\"en_US\" \/><input type=\"hidden\" name=\"_wpcf7_unit_tag\" value=\"wpcf7-f5331-o1\" \/><input type=\"hidden\" name=\"_wpcf7_container_post\" value=\"0\" \/><input type=\"hidden\" name=\"_wpcf7_posted_data_hash\" value=\"\" \/><input type=\"hidden\" name=\"_wpcf7_recaptcha_response\" value=\"\" \/>\n<\/fieldset>\n<div class=\"row row_margin_min\">\n\t<div class=\"span12\">\n\t\t<p><span class=\"wpcf7-form-control-wrap\" data-name=\"Name\"><input size=\"40\" maxlength=\"400\" class=\"wpcf7-form-control wpcf7-text wpcf7-validates-as-required\" aria-required=\"true\" aria-invalid=\"false\" placeholder=\"Nome *\" value=\"\" type=\"text\" name=\"Name\" \/><\/span>\n\t\t<\/p>\n\t<\/div>\n\t<div class=\"span12\">\n\t\t<p><span class=\"wpcf7-form-control-wrap\" data-name=\"your-email\"><input size=\"40\" maxlength=\"400\" class=\"wpcf7-form-control wpcf7-email wpcf7-validates-as-required wpcf7-text wpcf7-validates-as-email\" aria-required=\"true\" aria-invalid=\"false\" placeholder=\"E-Mail *\" value=\"\" type=\"email\" name=\"your-email\" \/><\/span>\n\t\t<\/p>\n\t<\/div>\n\t<div class=\"span12\">\n\t\t<p><span class=\"wpcf7-form-control-wrap\" data-name=\"your-message\"><textarea cols=\"40\" rows=\"10\" maxlength=\"2000\" class=\"wpcf7-form-control wpcf7-textarea\" aria-invalid=\"false\" placeholder=\"Mensagem\" name=\"your-message\"><\/textarea><\/span><input class=\"wpcf7-form-control wpcf7-submit has-spinner\" type=\"submit\" value=\"Enviar\" \/>\n\t\t<\/p>\n\t<\/div>\n<\/div><div class=\"wpcf7-response-output\" aria-hidden=\"true\"><\/div>\n<\/form>\n<\/div>\n<\/div>\n\t\t\t\t\t\t<\/div>\n\t\t\t\t<\/div>\n\t\t\t\t<div class=\"elementor-element elementor-element-3388ef1 elementor-widget elementor-widget-spacer\" data-id=\"3388ef1\" data-element_type=\"widget\" data-e-type=\"widget\" data-widget_type=\"spacer.default\">\n\t\t\t\t<div class=\"elementor-widget-container\">\n\t\t\t\t\t\t\t<div class=\"elementor-spacer\">\n\t\t\t<div class=\"elementor-spacer-inner\"><\/div>\n\t\t<\/div>\n\t\t\t\t\t\t<\/div>\n\t\t\t\t<\/div>\n\t\t\t\t\t<\/div>\n\t\t<\/div>\n\t\t\t\t<div class=\"elementor-column elementor-col-33 elementor-top-column elementor-element elementor-element-34880ae\" data-id=\"34880ae\" data-element_type=\"column\" data-e-type=\"column\">\n\t\t\t<div class=\"elementor-widget-wrap elementor-element-populated\">\n\t\t\t\t\t\t<div class=\"elementor-element-custom_font_size elementor-element-custom_line_height elementor-element-custom_font_family elementor-element-custom_font_weight elementor-element elementor-element-6bd2719 elementor-widget elementor-widget-text-editor\" data-id=\"6bd2719\" data-element_type=\"widget\" data-e-type=\"widget\" data-widget_type=\"text-editor.default\">\n\t\t\t\t<div class=\"elementor-widget-container\">\n\t\t\t\t\t\t\t\t\t<p>Onde estamos<\/p>\t\t\t\t\t\t\t\t<\/div>\n\t\t\t\t<\/div>\n\t\t\t\t<div class=\"elementor-element elementor-element-3f8ee10 elementor-widget-divider--view-line elementor-widget elementor-widget-divider\" data-id=\"3f8ee10\" data-element_type=\"widget\" data-e-type=\"widget\" data-widget_type=\"divider.default\">\n\t\t\t\t<div class=\"elementor-widget-container\">\n\t\t\t\t\t\t\t<div class=\"elementor-divider\">\n\t\t\t<span class=\"elementor-divider-separator\">\n\t\t\t\t\t\t<\/span>\n\t\t<\/div>\n\t\t\t\t\t\t<\/div>\n\t\t\t\t<\/div>\n\t\t\t\t<div class=\"elementor-element-custom_font_size elementor-element-custom_line_height elementor-element-custom_font_family elementor-element elementor-element-171c3ad elementor-widget elementor-widget-text-editor\" data-id=\"171c3ad\" data-element_type=\"widget\" data-e-type=\"widget\" data-widget_type=\"text-editor.default\">\n\t\t\t\t<div class=\"elementor-widget-container\">\n\t\t\t\t\t\t\t\t\t<p>Edif\u00edcio Oceanus<br \/>Av. da Boavista, 3265 &#8211; Sala 2.9<br \/>4100-137 Porto &#8211; Portugal<br \/><a class=\"gt3_icon_link gt3_custom_color\" href=\"mailto:efiki@efikipartners.com\" target=\"_blank\" data-color=\"#AD2D25\" data-hover-color=\"#AD2D25\" style=\"color: #ad2d25; margin-right: 10px;\" rel=\"noopener\"><span style=\"color: #2b3034; vertical-align: text-bottom;\"><strong>efiki@efikipartners.com<\/strong><\/span><\/a><br \/><a class=\"gt3_icon_link gt3_custom_color\" href=\"tel:+351226168721\" target=\"_blank\" data-color=\"#ad2d25\" data-hover-color=\"#ad2d25\" style=\"color: #ad2d25; margin-right: 10px;\" rel=\"noopener\"><span style=\"color: #2b3034; vertical-align: text-bottom;\"><strong>+351 22 616 87 21<\/strong><\/span><\/a><\/p><p>(Chamada para rede fixa nacional)<\/p>\t\t\t\t\t\t\t\t<\/div>\n\t\t\t\t<\/div>\n\t\t\t\t<div class=\"elementor-element elementor-element-d34c7df elementor-widget-divider--view-line elementor-widget elementor-widget-divider\" data-id=\"d34c7df\" data-element_type=\"widget\" data-e-type=\"widget\" data-widget_type=\"divider.default\">\n\t\t\t\t<div class=\"elementor-widget-container\">\n\t\t\t\t\t\t\t<div class=\"elementor-divider\">\n\t\t\t<span class=\"elementor-divider-separator\">\n\t\t\t\t\t\t<\/span>\n\t\t<\/div>\n\t\t\t\t\t\t<\/div>\n\t\t\t\t<\/div>\n\t\t\t\t\t<\/div>\n\t\t<\/div>\n\t\t\t\t\t<\/div>\n\t\t<\/section>\n\t\t\t\t<\/div>\n\t\t","protected":false},"excerpt":{"rendered":"<p>Preencha o formul\u00e1rio em caso de necessidade de esclarecimento de d\u00favidas ou agendamento de reuni\u00e3o. Responderemos o mais brevemente poss\u00edvel. Fale Connosco Onde estamos Edif\u00edcio OceanusAv. da Boavista, 3265 &#8211; Sala 2.94100-137 Porto &#8211; Portugalefiki@efikipartners.com+351 22 616 87 21 (Chamada para rede fixa nacional)<\/p>","protected":false},"author":3,"featured_media":7811,"parent":0,"menu_order":0,"comment_status":"closed","ping_status":"closed","template":"elementor_header_footer","meta":{"footnotes":""},"class_list":["post-4526","page","type-page","status-publish","has-post-thumbnail","hentry"],"yoast_head":"<!-- This site is optimized with the Yoast SEO plugin v27.3 - https:\/\/yoast.com\/product\/yoast-seo-wordpress\/ -->\n<title>Contactos - Efiki Partners<\/title>\n<meta name=\"description\" content=\"Contactos: Av. da Boavista, 3265 \u2013 Sala 2.9 4100-137 Porto. Portugal Email: efiki@efikipartners.com. Telefone: (+351) 22 616 87 21\" \/>\n<meta name=\"robots\" content=\"index, follow, max-snippet:-1, max-image-preview:large, max-video-preview:-1\" \/>\n<link rel=\"canonical\" href=\"https:\/\/efikipartners.com\/en\/contactos\/\" \/>\n<meta property=\"og:locale\" content=\"en_GB\" \/>\n<meta property=\"og:type\" content=\"article\" \/>\n<meta property=\"og:title\" content=\"Contactos - Efiki Partners\" \/>\n<meta property=\"og:description\" content=\"Contactos: Av. da Boavista, 3265 \u2013 Sala 2.9 4100-137 Porto. Portugal Email: efiki@efikipartners.com. Telefone: (+351) 22 616 87 21\" \/>\n<meta property=\"og:url\" content=\"https:\/\/efikipartners.com\/en\/contactos\/\" \/>\n<meta property=\"og:site_name\" content=\"Efiki Partners\" \/>\n<meta property=\"article:modified_time\" content=\"2026-04-02T19:46:36+00:00\" \/>\n<meta property=\"og:image\" content=\"https:\/\/efikipartners.com\/wp-content\/uploads\/2021\/10\/sobre-nos-PB-1.png\" \/>\n\t<meta property=\"og:image:width\" content=\"1172\" \/>\n\t<meta property=\"og:image:height\" content=\"515\" \/>\n\t<meta property=\"og:image:type\" content=\"image\/png\" \/>\n<meta name=\"twitter:card\" content=\"summary_large_image\" \/>\n<meta name=\"twitter:label1\" content=\"Estimated reading time\" \/>\n\t<meta name=\"twitter:data1\" content=\"1 minute\" \/>\n<script type=\"application\/ld+json\" class=\"yoast-schema-graph\">{\"@context\":\"https:\\\/\\\/schema.org\",\"@graph\":[{\"@type\":\"WebPage\",\"@id\":\"https:\\\/\\\/efikipartners.com\\\/contactos\\\/\",\"url\":\"https:\\\/\\\/efikipartners.com\\\/contactos\\\/\",\"name\":\"Contactos - Efiki Partners\",\"isPartOf\":{\"@id\":\"https:\\\/\\\/efikipartners.com\\\/#website\"},\"primaryImageOfPage\":{\"@id\":\"https:\\\/\\\/efikipartners.com\\\/contactos\\\/#primaryimage\"},\"image\":{\"@id\":\"https:\\\/\\\/efikipartners.com\\\/contactos\\\/#primaryimage\"},\"thumbnailUrl\":\"https:\\\/\\\/efikipartners.com\\\/wp-content\\\/uploads\\\/2021\\\/10\\\/sobre-nos-PB-1.png\",\"datePublished\":\"2019-01-11T08:44:18+00:00\",\"dateModified\":\"2026-04-02T19:46:36+00:00\",\"description\":\"Contactos: Av. da Boavista, 3265 \u2013 Sala 2.9 4100-137 Porto. Portugal Email: efiki@efikipartners.com. Telefone: (+351) 22 616 87 21\",\"breadcrumb\":{\"@id\":\"https:\\\/\\\/efikipartners.com\\\/contactos\\\/#breadcrumb\"},\"inLanguage\":\"en-GB\",\"potentialAction\":[{\"@type\":\"ReadAction\",\"target\":[\"https:\\\/\\\/efikipartners.com\\\/contactos\\\/\"]}]},{\"@type\":\"ImageObject\",\"inLanguage\":\"en-GB\",\"@id\":\"https:\\\/\\\/efikipartners.com\\\/contactos\\\/#primaryimage\",\"url\":\"https:\\\/\\\/efikipartners.com\\\/wp-content\\\/uploads\\\/2021\\\/10\\\/sobre-nos-PB-1.png\",\"contentUrl\":\"https:\\\/\\\/efikipartners.com\\\/wp-content\\\/uploads\\\/2021\\\/10\\\/sobre-nos-PB-1.png\",\"width\":1172,\"height\":515,\"caption\":\"sobre-efiki-partners-consultoria-financeira-financial-boutique\"},{\"@type\":\"BreadcrumbList\",\"@id\":\"https:\\\/\\\/efikipartners.com\\\/contactos\\\/#breadcrumb\",\"itemListElement\":[{\"@type\":\"ListItem\",\"position\":1,\"name\":\"In\u00edcio\",\"item\":\"https:\\\/\\\/efikipartners.com\\\/\"},{\"@type\":\"ListItem\",\"position\":2,\"name\":\"Contactos\"}]},{\"@type\":\"WebSite\",\"@id\":\"https:\\\/\\\/efikipartners.com\\\/#website\",\"url\":\"https:\\\/\\\/efikipartners.com\\\/\",\"name\":\"Efiki Partners\",\"description\":\"A Sua Financial Boutique\",\"publisher\":{\"@id\":\"https:\\\/\\\/efikipartners.com\\\/#organization\"},\"potentialAction\":[{\"@type\":\"SearchAction\",\"target\":{\"@type\":\"EntryPoint\",\"urlTemplate\":\"https:\\\/\\\/efikipartners.com\\\/?s={search_term_string}\"},\"query-input\":{\"@type\":\"PropertyValueSpecification\",\"valueRequired\":true,\"valueName\":\"search_term_string\"}}],\"inLanguage\":\"en-GB\"},{\"@type\":\"Organization\",\"@id\":\"https:\\\/\\\/efikipartners.com\\\/#organization\",\"name\":\"Efiki Partners\",\"url\":\"https:\\\/\\\/efikipartners.com\\\/\",\"logo\":{\"@type\":\"ImageObject\",\"inLanguage\":\"en-GB\",\"@id\":\"https:\\\/\\\/efikipartners.com\\\/#\\\/schema\\\/logo\\\/image\\\/\",\"url\":\"https:\\\/\\\/efikipartners.com\\\/wp-content\\\/uploads\\\/2021\\\/09\\\/logo-footer-efiki-04-1.png\",\"contentUrl\":\"https:\\\/\\\/efikipartners.com\\\/wp-content\\\/uploads\\\/2021\\\/09\\\/logo-footer-efiki-04-1.png\",\"width\":157,\"height\":135,\"caption\":\"Efiki Partners\"},\"image\":{\"@id\":\"https:\\\/\\\/efikipartners.com\\\/#\\\/schema\\\/logo\\\/image\\\/\"},\"sameAs\":[\"https:\\\/\\\/www.linkedin.com\\\/company\\\/efiki-partners\\\/\"]}]}<\/script>\n<!-- \/ Yoast SEO plugin. -->","yoast_head_json":{"title":"Contactos - Efiki Partners","description":"Contactos: Av. da Boavista, 3265 \u2013 Sala 2.9 4100-137 Porto. Portugal Email: efiki@efikipartners.com. Telefone: (+351) 22 616 87 21","robots":{"index":"index","follow":"follow","max-snippet":"max-snippet:-1","max-image-preview":"max-image-preview:large","max-video-preview":"max-video-preview:-1"},"canonical":"https:\/\/efikipartners.com\/en\/contactos\/","og_locale":"en_GB","og_type":"article","og_title":"Contactos - Efiki Partners","og_description":"Contactos: Av. da Boavista, 3265 \u2013 Sala 2.9 4100-137 Porto. Portugal Email: efiki@efikipartners.com. Telefone: (+351) 22 616 87 21","og_url":"https:\/\/efikipartners.com\/en\/contactos\/","og_site_name":"Efiki Partners","article_modified_time":"2026-04-02T19:46:36+00:00","og_image":[{"width":1172,"height":515,"url":"https:\/\/efikipartners.com\/wp-content\/uploads\/2021\/10\/sobre-nos-PB-1.png","type":"image\/png"}],"twitter_card":"summary_large_image","twitter_misc":{"Estimated reading time":"1 minute"},"schema":{"@context":"https:\/\/schema.org","@graph":[{"@type":"WebPage","@id":"https:\/\/efikipartners.com\/contactos\/","url":"https:\/\/efikipartners.com\/contactos\/","name":"Contactos - Efiki Partners","isPartOf":{"@id":"https:\/\/efikipartners.com\/#website"},"primaryImageOfPage":{"@id":"https:\/\/efikipartners.com\/contactos\/#primaryimage"},"image":{"@id":"https:\/\/efikipartners.com\/contactos\/#primaryimage"},"thumbnailUrl":"https:\/\/efikipartners.com\/wp-content\/uploads\/2021\/10\/sobre-nos-PB-1.png","datePublished":"2019-01-11T08:44:18+00:00","dateModified":"2026-04-02T19:46:36+00:00","description":"Contactos: Av. da Boavista, 3265 \u2013 Sala 2.9 4100-137 Porto. Portugal Email: efiki@efikipartners.com. Telefone: (+351) 22 616 87 21","breadcrumb":{"@id":"https:\/\/efikipartners.com\/contactos\/#breadcrumb"},"inLanguage":"en-GB","potentialAction":[{"@type":"ReadAction","target":["https:\/\/efikipartners.com\/contactos\/"]}]},{"@type":"ImageObject","inLanguage":"en-GB","@id":"https:\/\/efikipartners.com\/contactos\/#primaryimage","url":"https:\/\/efikipartners.com\/wp-content\/uploads\/2021\/10\/sobre-nos-PB-1.png","contentUrl":"https:\/\/efikipartners.com\/wp-content\/uploads\/2021\/10\/sobre-nos-PB-1.png","width":1172,"height":515,"caption":"sobre-efiki-partners-consultoria-financeira-financial-boutique"},{"@type":"BreadcrumbList","@id":"https:\/\/efikipartners.com\/contactos\/#breadcrumb","itemListElement":[{"@type":"ListItem","position":1,"name":"In\u00edcio","item":"https:\/\/efikipartners.com\/"},{"@type":"ListItem","position":2,"name":"Contactos"}]},{"@type":"WebSite","@id":"https:\/\/efikipartners.com\/#website","url":"https:\/\/efikipartners.com\/","name":"Efiki Partners","description":"A Sua Financial Boutique","publisher":{"@id":"https:\/\/efikipartners.com\/#organization"},"potentialAction":[{"@type":"SearchAction","target":{"@type":"EntryPoint","urlTemplate":"https:\/\/efikipartners.com\/?s={search_term_string}"},"query-input":{"@type":"PropertyValueSpecification","valueRequired":true,"valueName":"search_term_string"}}],"inLanguage":"en-GB"},{"@type":"Organization","@id":"https:\/\/efikipartners.com\/#organization","name":"Efiki Partners","url":"https:\/\/efikipartners.com\/","logo":{"@type":"ImageObject","inLanguage":"en-GB","@id":"https:\/\/efikipartners.com\/#\/schema\/logo\/image\/","url":"https:\/\/efikipartners.com\/wp-content\/uploads\/2021\/09\/logo-footer-efiki-04-1.png","contentUrl":"https:\/\/efikipartners.com\/wp-content\/uploads\/2021\/09\/logo-footer-efiki-04-1.png","width":157,"height":135,"caption":"Efiki Partners"},"image":{"@id":"https:\/\/efikipartners.com\/#\/schema\/logo\/image\/"},"sameAs":["https:\/\/www.linkedin.com\/company\/efiki-partners\/"]}]}},"_links":{"self":[{"href":"https:\/\/efikipartners.com\/en\/wp-json\/wp\/v2\/pages\/4526","targetHints":{"allow":["GET"]}}],"collection":[{"href":"https:\/\/efikipartners.com\/en\/wp-json\/wp\/v2\/pages"}],"about":[{"href":"https:\/\/efikipartners.com\/en\/wp-json\/wp\/v2\/types\/page"}],"author":[{"embeddable":true,"href":"https:\/\/efikipartners.com\/en\/wp-json\/wp\/v2\/users\/3"}],"replies":[{"embeddable":true,"href":"https:\/\/efikipartners.com\/en\/wp-json\/wp\/v2\/comments?post=4526"}],"version-history":[{"count":108,"href":"https:\/\/efikipartners.com\/en\/wp-json\/wp\/v2\/pages\/4526\/revisions"}],"predecessor-version":[{"id":9215,"href":"https:\/\/efikipartners.com\/en\/wp-json\/wp\/v2\/pages\/4526\/revisions\/9215"}],"wp:featuredmedia":[{"embeddable":true,"href":"https:\/\/efikipartners.com\/en\/wp-json\/wp\/v2\/media\/7811"}],"wp:attachment":[{"href":"https:\/\/efikipartners.com\/en\/wp-json\/wp\/v2\/media?parent=4526"}],"curies":[{"name":"wp","href":"https:\/\/api.w.org\/{rel}","templated":true}]}}