{"id":4681,"date":"2019-01-15T14:38:17","date_gmt":"2019-01-15T14:38:17","guid":{"rendered":"https:\/\/livewp.site\/wp\/md\/zohar\/?page_id=4681"},"modified":"2026-04-02T19:52:52","modified_gmt":"2026-04-02T19:52:52","slug":"casos-de-sucesso","status":"publish","type":"page","link":"https:\/\/efikipartners.com\/en\/casos-de-sucesso\/","title":{"rendered":"Success Cases"},"content":{"rendered":"<div data-elementor-type=\"wp-post\" data-elementor-id=\"4681\" class=\"elementor elementor-4681\" data-elementor-post-type=\"page\">\n\t\t\t\t<div class=\"elementor-element elementor-element-c92db78 e-flex e-con-boxed wpr-particle-no wpr-jarallax-no wpr-parallax-no wpr-sticky-section-no e-con e-parent\" data-id=\"c92db78\" data-element_type=\"container\" data-e-type=\"container\" data-settings=\"{&quot;background_background&quot;:&quot;classic&quot;}\">\n\t\t\t\t\t<div class=\"e-con-inner\">\n\t\t<div class=\"elementor-element elementor-element-021d3c2 e-con-full e-flex wpr-particle-no wpr-jarallax-no wpr-parallax-no wpr-sticky-section-no e-con e-child\" data-id=\"021d3c2\" data-element_type=\"container\" data-e-type=\"container\">\n\t\t<div class=\"elementor-element elementor-element-30ad4ff e-con-full e-flex wpr-particle-no wpr-jarallax-no wpr-parallax-no wpr-sticky-section-no e-con e-child\" data-id=\"30ad4ff\" data-element_type=\"container\" data-e-type=\"container\">\n\t\t\t\t<div class=\"elementor-element elementor-element-6b9694b elementor-widget elementor-widget-heading\" data-id=\"6b9694b\" data-element_type=\"widget\" data-e-type=\"widget\" data-widget_type=\"heading.default\">\n\t\t\t\t<div class=\"elementor-widget-container\">\n\t\t\t\t\t<h1 class=\"elementor-heading-title elementor-size-default\">Success Cases<\/h1>\t\t\t\t<\/div>\n\t\t\t\t<\/div>\n\t\t\t\t<\/div>\n\t\t\t\t<\/div>\n\t\t\t\t\t<\/div>\n\t\t\t\t<\/div>\n\t\t<div class=\"elementor-element elementor-element-6e65677 e-flex e-con-boxed wpr-particle-no wpr-jarallax-no wpr-parallax-no wpr-sticky-section-no e-con e-parent\" data-id=\"6e65677\" data-element_type=\"container\" data-e-type=\"container\" id=\"caso-1\">\n\t\t\t\t\t<div class=\"e-con-inner\">\n\t\t<div class=\"elementor-element elementor-element-337fbad e-con-full e-flex wpr-particle-no wpr-jarallax-no wpr-parallax-no wpr-sticky-section-no e-con e-child\" data-id=\"337fbad\" data-element_type=\"container\" data-e-type=\"container\" data-settings=\"{&quot;background_background&quot;:&quot;classic&quot;}\">\n\t\t\t\t<div class=\"elementor-element-custom_font_size elementor-element-custom_line_height elementor-element-custom_font_family elementor-element-custom_color elementor-element elementor-element-a453f32 elementor-widget elementor-widget-text-editor\" data-id=\"a453f32\" data-element_type=\"widget\" data-e-type=\"widget\" data-widget_type=\"text-editor.default\">\n\t\t\t\t<div class=\"elementor-widget-container\">\n\t\t\t\t\t\t\t\t\t<p><em>Buy-side | Debt raising<\/em><\/p>\t\t\t\t\t\t\t\t<\/div>\n\t\t\t\t<\/div>\n\t\t\t\t<div class=\"elementor-element elementor-element-dd4fb9f elementor-widget__width-initial elementor-widget-mobile__width-initial elementor-widget elementor-widget-heading\" data-id=\"dd4fb9f\" data-element_type=\"widget\" data-e-type=\"widget\" data-widget_type=\"heading.default\">\n\t\t\t\t<div class=\"elementor-widget-container\">\n\t\t\t\t\t<h3 class=\"elementor-heading-title elementor-size-default\"><a href=\"https:\/\/efikipartners.com\/en\/caso-materiais-de-construcao\/\">Building Materials<\/a><\/h3>\t\t\t\t<\/div>\n\t\t\t\t<\/div>\n\t\t\t\t<div class=\"elementor-element-custom_font_family elementor-element-custom_color elementor-element elementor-element-67ba3f1 elementor-widget__width-initial elementor-widget-mobile__width-initial elementor-widget elementor-widget-text-editor\" data-id=\"67ba3f1\" data-element_type=\"widget\" data-e-type=\"widget\" data-widget_type=\"text-editor.default\">\n\t\t\t\t<div class=\"elementor-widget-container\">\n\t\t\t\t\t\t\t\t\t<p>Advisory services for the purchase of a company, including raising financing<\/p>\t\t\t\t\t\t\t\t<\/div>\n\t\t\t\t<\/div>\n\t\t\t\t<div class=\"elementor-element elementor-element-02d95c4 elementor-align-left elementor-widget elementor-widget-button\" data-id=\"02d95c4\" data-element_type=\"widget\" data-e-type=\"widget\" data-widget_type=\"button.default\">\n\t\t\t\t<div class=\"elementor-widget-container\">\n\t\t\t\t\t\t\t\t\t<div class=\"elementor-button-wrapper\">\n\t\t\t\t\t<a class=\"elementor-button elementor-button-link elementor-size-sm\" href=\"https:\/\/efikipartners.com\/en\/caso-materiais-de-construcao\/\">\n\t\t\t\t\t\t<span class=\"elementor-button-content-wrapper\">\n\t\t\t\t\t\t\t\t\t<span class=\"elementor-button-text\">SEE MORE<\/span>\n\t\t\t\t\t<\/span>\n\t\t\t\t\t<\/a>\n\t\t\t\t<\/div>\n\t\t\t\t\t\t\t\t<\/div>\n\t\t\t\t<\/div>\n\t\t\t\t<\/div>\n\t\t<div class=\"elementor-element elementor-element-0582506 e-con-full e-flex wpr-particle-no wpr-jarallax-no wpr-parallax-no wpr-sticky-section-no e-con e-child\" data-id=\"0582506\" data-element_type=\"container\" data-e-type=\"container\" data-settings=\"{&quot;background_background&quot;:&quot;classic&quot;}\">\n\t\t\t\t<div class=\"elementor-element-custom_font_size elementor-element-custom_line_height elementor-element-custom_font_family elementor-element-custom_color elementor-element elementor-element-5c180a7 elementor-widget elementor-widget-text-editor\" data-id=\"5c180a7\" data-element_type=\"widget\" data-e-type=\"widget\" data-widget_type=\"text-editor.default\">\n\t\t\t\t<div class=\"elementor-widget-container\">\n\t\t\t\t\t\t\t\t\t<p><em>Buy-side<\/em><\/p>\t\t\t\t\t\t\t\t<\/div>\n\t\t\t\t<\/div>\n\t\t\t\t<div class=\"elementor-element elementor-element-6b9be38 elementor-widget__width-initial elementor-widget-mobile__width-initial elementor-widget elementor-widget-heading\" data-id=\"6b9be38\" data-element_type=\"widget\" data-e-type=\"widget\" data-widget_type=\"heading.default\">\n\t\t\t\t<div class=\"elementor-widget-container\">\n\t\t\t\t\t<h3 class=\"elementor-heading-title elementor-size-default\"><a href=\"https:\/\/efikipartners.com\/en\/caso-transitarios\/\">Freight Forwarders \/ \n<br>Logistics<\/a><\/h3>\t\t\t\t<\/div>\n\t\t\t\t<\/div>\n\t\t\t\t<div class=\"elementor-element-custom_font_family elementor-element-custom_color elementor-element elementor-element-543e638 elementor-widget elementor-widget-text-editor\" data-id=\"543e638\" data-element_type=\"widget\" data-e-type=\"widget\" data-widget_type=\"text-editor.default\">\n\t\t\t\t<div class=\"elementor-widget-container\">\n\t\t\t\t\t\t\t\t\t<p>Advisory services in growth strategy through acquisitions<\/p>\t\t\t\t\t\t\t\t<\/div>\n\t\t\t\t<\/div>\n\t\t\t\t<div class=\"elementor-element elementor-element-0797049 elementor-align-left elementor-widget elementor-widget-button\" data-id=\"0797049\" data-element_type=\"widget\" data-e-type=\"widget\" data-widget_type=\"button.default\">\n\t\t\t\t<div class=\"elementor-widget-container\">\n\t\t\t\t\t\t\t\t\t<div class=\"elementor-button-wrapper\">\n\t\t\t\t\t<a class=\"elementor-button elementor-button-link elementor-size-sm\" href=\"https:\/\/efikipartners.com\/en\/caso-transitarios\/\">\n\t\t\t\t\t\t<span class=\"elementor-button-content-wrapper\">\n\t\t\t\t\t\t\t\t\t<span class=\"elementor-button-text\">SEE MORE<\/span>\n\t\t\t\t\t<\/span>\n\t\t\t\t\t<\/a>\n\t\t\t\t<\/div>\n\t\t\t\t\t\t\t\t<\/div>\n\t\t\t\t<\/div>\n\t\t\t\t<\/div>\n\t\t<div class=\"elementor-element elementor-element-87ebd89 e-con-full e-flex wpr-particle-no wpr-jarallax-no wpr-parallax-no wpr-sticky-section-no e-con e-child\" data-id=\"87ebd89\" data-element_type=\"container\" data-e-type=\"container\" data-settings=\"{&quot;background_background&quot;:&quot;classic&quot;}\">\n\t\t\t\t<div class=\"elementor-element-custom_font_size elementor-element-custom_line_height elementor-element-custom_font_family elementor-element-custom_color elementor-element elementor-element-8c89dca elementor-widget elementor-widget-text-editor\" data-id=\"8c89dca\" data-element_type=\"widget\" data-e-type=\"widget\" data-widget_type=\"text-editor.default\">\n\t\t\t\t<div class=\"elementor-widget-container\">\n\t\t\t\t\t\t\t\t\t<p><em>Intra-partner purchase<\/em><\/p>\t\t\t\t\t\t\t\t<\/div>\n\t\t\t\t<\/div>\n\t\t\t\t<div class=\"elementor-element elementor-element-d73e647 elementor-widget__width-initial elementor-widget-mobile__width-initial elementor-widget elementor-widget-heading\" data-id=\"d73e647\" data-element_type=\"widget\" data-e-type=\"widget\" data-widget_type=\"heading.default\">\n\t\t\t\t<div class=\"elementor-widget-container\">\n\t\t\t\t\t<h3 class=\"elementor-heading-title elementor-size-default\"><a href=\"https:\/\/efikipartners.com\/en\/caso-grupo-diversificado\/\">Diversified Group<\/a><\/h3>\t\t\t\t<\/div>\n\t\t\t\t<\/div>\n\t\t\t\t<div class=\"elementor-element-custom_font_family elementor-element-custom_color elementor-element elementor-element-ddcb7ed elementor-widget elementor-widget-text-editor\" data-id=\"ddcb7ed\" data-element_type=\"widget\" data-e-type=\"widget\" data-widget_type=\"text-editor.default\">\n\t\t\t\t<div class=\"elementor-widget-container\">\n\t\t\t\t\t\t\t\t\t<p>Advisory services in corporate restructuring<\/p>\t\t\t\t\t\t\t\t<\/div>\n\t\t\t\t<\/div>\n\t\t\t\t<div class=\"elementor-element elementor-element-878b4cb elementor-align-left elementor-widget elementor-widget-button\" data-id=\"878b4cb\" data-element_type=\"widget\" data-e-type=\"widget\" data-widget_type=\"button.default\">\n\t\t\t\t<div class=\"elementor-widget-container\">\n\t\t\t\t\t\t\t\t\t<div class=\"elementor-button-wrapper\">\n\t\t\t\t\t<a class=\"elementor-button elementor-button-link elementor-size-sm\" href=\"https:\/\/efikipartners.com\/en\/caso-grupo-diversificado\/\">\n\t\t\t\t\t\t<span class=\"elementor-button-content-wrapper\">\n\t\t\t\t\t\t\t\t\t<span class=\"elementor-button-text\">SEE MORE<\/span>\n\t\t\t\t\t<\/span>\n\t\t\t\t\t<\/a>\n\t\t\t\t<\/div>\n\t\t\t\t\t\t\t\t<\/div>\n\t\t\t\t<\/div>\n\t\t\t\t<\/div>\n\t\t<div class=\"elementor-element elementor-element-c8dc4d3 e-con-full e-flex wpr-particle-no wpr-jarallax-no wpr-parallax-no wpr-sticky-section-no e-con e-child\" data-id=\"c8dc4d3\" data-element_type=\"container\" data-e-type=\"container\" data-settings=\"{&quot;background_background&quot;:&quot;classic&quot;}\">\n\t\t\t\t<div class=\"elementor-element-custom_font_size elementor-element-custom_line_height elementor-element-custom_font_family elementor-element-custom_color elementor-element elementor-element-7388a1b elementor-widget elementor-widget-text-editor\" data-id=\"7388a1b\" data-element_type=\"widget\" data-e-type=\"widget\" data-widget_type=\"text-editor.default\">\n\t\t\t\t<div class=\"elementor-widget-container\">\n\t\t\t\t\t\t\t\t\t<p><em>Value &amp; Strategy Advisory<\/em><\/p>\t\t\t\t\t\t\t\t<\/div>\n\t\t\t\t<\/div>\n\t\t\t\t<div class=\"elementor-element elementor-element-889e54b elementor-widget__width-initial elementor-widget-mobile__width-initial elementor-widget elementor-widget-heading\" data-id=\"889e54b\" data-element_type=\"widget\" data-e-type=\"widget\" data-widget_type=\"heading.default\">\n\t\t\t\t<div class=\"elementor-widget-container\">\n\t\t\t\t\t<h3 class=\"elementor-heading-title elementor-size-default\"><a href=\"https:\/\/efikipartners.com\/en\/caso-vinhos-e-enoturismo\/\">Wines and Wine Tourism<\/a><\/h3>\t\t\t\t<\/div>\n\t\t\t\t<\/div>\n\t\t\t\t<div class=\"elementor-element-custom_font_family elementor-element-custom_color elementor-element elementor-element-0ade21f elementor-widget__width-initial elementor-widget elementor-widget-text-editor\" data-id=\"0ade21f\" data-element_type=\"widget\" data-e-type=\"widget\" data-widget_type=\"text-editor.default\">\n\t\t\t\t<div class=\"elementor-widget-container\">\n\t\t\t\t\t\t\t\t\t<p>Strategic and Governance Consulting<\/p>\t\t\t\t\t\t\t\t<\/div>\n\t\t\t\t<\/div>\n\t\t\t\t<div class=\"elementor-element elementor-element-bbf05d5 elementor-align-left elementor-widget elementor-widget-button\" data-id=\"bbf05d5\" data-element_type=\"widget\" data-e-type=\"widget\" data-widget_type=\"button.default\">\n\t\t\t\t<div class=\"elementor-widget-container\">\n\t\t\t\t\t\t\t\t\t<div class=\"elementor-button-wrapper\">\n\t\t\t\t\t<a class=\"elementor-button elementor-button-link elementor-size-sm\" href=\"https:\/\/efikipartners.com\/en\/caso-vinhos-e-enoturismo\/\">\n\t\t\t\t\t\t<span class=\"elementor-button-content-wrapper\">\n\t\t\t\t\t\t\t\t\t<span class=\"elementor-button-text\">SEE MORE<\/span>\n\t\t\t\t\t<\/span>\n\t\t\t\t\t<\/a>\n\t\t\t\t<\/div>\n\t\t\t\t\t\t\t\t<\/div>\n\t\t\t\t<\/div>\n\t\t\t\t<\/div>\n\t\t\t\t\t<\/div>\n\t\t\t\t<\/div>\n\t\t\t\t<\/div>","protected":false},"excerpt":{"rendered":"<p>Casos de Sucesso Buy-side | Debt raising Materiais de Constru\u00e7\u00e3o Assessoria na compra de uma sociedade, incluindo a angaria\u00e7\u00e3o de financiamento VER MAIS Buy-side Transit\u00e1rios \/ Log\u00edstica Assessoria na estrat\u00e9gia de crescimento por aquisi\u00e7\u00e3o VER MAIS Compra intra-s\u00f3cios Grupo Diversificado Assessoria na reestrutura\u00e7\u00e3o societ\u00e1ria VER MAIS Value &amp; Strategy Advisory Vinhos e Enoturismo Assessoria Estrat\u00e9gica e de Governance VER MAIS<\/p>","protected":false},"author":3,"featured_media":5903,"parent":0,"menu_order":0,"comment_status":"closed","ping_status":"closed","template":"full-width.php","meta":{"footnotes":""},"class_list":["post-4681","page","type-page","status-publish","has-post-thumbnail","hentry"],"yoast_head":"<!-- This site is optimized with the Yoast SEO plugin v27.3 - https:\/\/yoast.com\/product\/yoast-seo-wordpress\/ -->\n<title>Casos de Sucesso - Efiki Partners<\/title>\n<meta name=\"robots\" content=\"index, follow, max-snippet:-1, max-image-preview:large, max-video-preview:-1\" \/>\n<link rel=\"canonical\" href=\"https:\/\/efikipartners.com\/en\/casos-de-sucesso\/\" \/>\n<meta property=\"og:locale\" content=\"en_GB\" \/>\n<meta property=\"og:type\" content=\"article\" \/>\n<meta property=\"og:title\" content=\"Casos de Sucesso - Efiki Partners\" \/>\n<meta property=\"og:description\" content=\"Casos de Sucesso Buy-side | Debt raising Materiais de Constru\u00e7\u00e3o Assessoria na compra de uma sociedade, incluindo a angaria\u00e7\u00e3o de financiamento VER MAIS Buy-side Transit\u00e1rios \/ Log\u00edstica Assessoria na estrat\u00e9gia de crescimento por aquisi\u00e7\u00e3o VER MAIS Compra intra-s\u00f3cios Grupo Diversificado Assessoria na reestrutura\u00e7\u00e3o societ\u00e1ria VER MAIS Value &amp; Strategy Advisory Vinhos e Enoturismo Assessoria Estrat\u00e9gica e de Governance VER MAIS\" \/>\n<meta property=\"og:url\" content=\"https:\/\/efikipartners.com\/en\/casos-de-sucesso\/\" \/>\n<meta property=\"og:site_name\" content=\"Efiki Partners\" \/>\n<meta property=\"article:modified_time\" content=\"2026-04-02T19:52:52+00:00\" \/>\n<meta property=\"og:image\" content=\"https:\/\/efikipartners.com\/wp-content\/uploads\/2019\/02\/cases_bg.jpg\" \/>\n\t<meta property=\"og:image:width\" content=\"1700\" \/>\n\t<meta property=\"og:image:height\" content=\"526\" \/>\n\t<meta property=\"og:image:type\" content=\"image\/jpeg\" \/>\n<meta name=\"twitter:card\" content=\"summary_large_image\" \/>\n<meta name=\"twitter:label1\" content=\"Estimated reading time\" \/>\n\t<meta name=\"twitter:data1\" content=\"1 minute\" \/>\n<script type=\"application\/ld+json\" class=\"yoast-schema-graph\">{\"@context\":\"https:\\\/\\\/schema.org\",\"@graph\":[{\"@type\":\"WebPage\",\"@id\":\"https:\\\/\\\/efikipartners.com\\\/casos-de-sucesso\\\/\",\"url\":\"https:\\\/\\\/efikipartners.com\\\/casos-de-sucesso\\\/\",\"name\":\"Casos de Sucesso - Efiki Partners\",\"isPartOf\":{\"@id\":\"https:\\\/\\\/efikipartners.com\\\/#website\"},\"primaryImageOfPage\":{\"@id\":\"https:\\\/\\\/efikipartners.com\\\/casos-de-sucesso\\\/#primaryimage\"},\"image\":{\"@id\":\"https:\\\/\\\/efikipartners.com\\\/casos-de-sucesso\\\/#primaryimage\"},\"thumbnailUrl\":\"https:\\\/\\\/efikipartners.com\\\/wp-content\\\/uploads\\\/2019\\\/02\\\/cases_bg.jpg\",\"datePublished\":\"2019-01-15T14:38:17+00:00\",\"dateModified\":\"2026-04-02T19:52:52+00:00\",\"breadcrumb\":{\"@id\":\"https:\\\/\\\/efikipartners.com\\\/casos-de-sucesso\\\/#breadcrumb\"},\"inLanguage\":\"en-GB\",\"potentialAction\":[{\"@type\":\"ReadAction\",\"target\":[\"https:\\\/\\\/efikipartners.com\\\/casos-de-sucesso\\\/\"]}]},{\"@type\":\"ImageObject\",\"inLanguage\":\"en-GB\",\"@id\":\"https:\\\/\\\/efikipartners.com\\\/casos-de-sucesso\\\/#primaryimage\",\"url\":\"https:\\\/\\\/efikipartners.com\\\/wp-content\\\/uploads\\\/2019\\\/02\\\/cases_bg.jpg\",\"contentUrl\":\"https:\\\/\\\/efikipartners.com\\\/wp-content\\\/uploads\\\/2019\\\/02\\\/cases_bg.jpg\",\"width\":1700,\"height\":526},{\"@type\":\"BreadcrumbList\",\"@id\":\"https:\\\/\\\/efikipartners.com\\\/casos-de-sucesso\\\/#breadcrumb\",\"itemListElement\":[{\"@type\":\"ListItem\",\"position\":1,\"name\":\"In\u00edcio\",\"item\":\"https:\\\/\\\/efikipartners.com\\\/\"},{\"@type\":\"ListItem\",\"position\":2,\"name\":\"Casos de Sucesso\"}]},{\"@type\":\"WebSite\",\"@id\":\"https:\\\/\\\/efikipartners.com\\\/#website\",\"url\":\"https:\\\/\\\/efikipartners.com\\\/\",\"name\":\"Efiki Partners\",\"description\":\"A Sua Financial Boutique\",\"publisher\":{\"@id\":\"https:\\\/\\\/efikipartners.com\\\/#organization\"},\"potentialAction\":[{\"@type\":\"SearchAction\",\"target\":{\"@type\":\"EntryPoint\",\"urlTemplate\":\"https:\\\/\\\/efikipartners.com\\\/?s={search_term_string}\"},\"query-input\":{\"@type\":\"PropertyValueSpecification\",\"valueRequired\":true,\"valueName\":\"search_term_string\"}}],\"inLanguage\":\"en-GB\"},{\"@type\":\"Organization\",\"@id\":\"https:\\\/\\\/efikipartners.com\\\/#organization\",\"name\":\"Efiki Partners\",\"url\":\"https:\\\/\\\/efikipartners.com\\\/\",\"logo\":{\"@type\":\"ImageObject\",\"inLanguage\":\"en-GB\",\"@id\":\"https:\\\/\\\/efikipartners.com\\\/#\\\/schema\\\/logo\\\/image\\\/\",\"url\":\"https:\\\/\\\/efikipartners.com\\\/wp-content\\\/uploads\\\/2021\\\/09\\\/logo-footer-efiki-04-1.png\",\"contentUrl\":\"https:\\\/\\\/efikipartners.com\\\/wp-content\\\/uploads\\\/2021\\\/09\\\/logo-footer-efiki-04-1.png\",\"width\":157,\"height\":135,\"caption\":\"Efiki Partners\"},\"image\":{\"@id\":\"https:\\\/\\\/efikipartners.com\\\/#\\\/schema\\\/logo\\\/image\\\/\"},\"sameAs\":[\"https:\\\/\\\/www.linkedin.com\\\/company\\\/efiki-partners\\\/\"]}]}<\/script>\n<!-- \/ Yoast SEO plugin. -->","yoast_head_json":{"title":"Casos de Sucesso - Efiki Partners","robots":{"index":"index","follow":"follow","max-snippet":"max-snippet:-1","max-image-preview":"max-image-preview:large","max-video-preview":"max-video-preview:-1"},"canonical":"https:\/\/efikipartners.com\/en\/casos-de-sucesso\/","og_locale":"en_GB","og_type":"article","og_title":"Casos de Sucesso - Efiki Partners","og_description":"Casos de Sucesso Buy-side | Debt raising Materiais de Constru\u00e7\u00e3o Assessoria na compra de uma sociedade, incluindo a angaria\u00e7\u00e3o de financiamento VER MAIS Buy-side Transit\u00e1rios \/ Log\u00edstica Assessoria na estrat\u00e9gia de crescimento por aquisi\u00e7\u00e3o VER MAIS Compra intra-s\u00f3cios Grupo Diversificado Assessoria na reestrutura\u00e7\u00e3o societ\u00e1ria VER MAIS Value &amp; Strategy Advisory Vinhos e Enoturismo Assessoria Estrat\u00e9gica e de Governance VER MAIS","og_url":"https:\/\/efikipartners.com\/en\/casos-de-sucesso\/","og_site_name":"Efiki Partners","article_modified_time":"2026-04-02T19:52:52+00:00","og_image":[{"width":1700,"height":526,"url":"https:\/\/efikipartners.com\/wp-content\/uploads\/2019\/02\/cases_bg.jpg","type":"image\/jpeg"}],"twitter_card":"summary_large_image","twitter_misc":{"Estimated reading time":"1 minute"},"schema":{"@context":"https:\/\/schema.org","@graph":[{"@type":"WebPage","@id":"https:\/\/efikipartners.com\/casos-de-sucesso\/","url":"https:\/\/efikipartners.com\/casos-de-sucesso\/","name":"Casos de Sucesso - Efiki Partners","isPartOf":{"@id":"https:\/\/efikipartners.com\/#website"},"primaryImageOfPage":{"@id":"https:\/\/efikipartners.com\/casos-de-sucesso\/#primaryimage"},"image":{"@id":"https:\/\/efikipartners.com\/casos-de-sucesso\/#primaryimage"},"thumbnailUrl":"https:\/\/efikipartners.com\/wp-content\/uploads\/2019\/02\/cases_bg.jpg","datePublished":"2019-01-15T14:38:17+00:00","dateModified":"2026-04-02T19:52:52+00:00","breadcrumb":{"@id":"https:\/\/efikipartners.com\/casos-de-sucesso\/#breadcrumb"},"inLanguage":"en-GB","potentialAction":[{"@type":"ReadAction","target":["https:\/\/efikipartners.com\/casos-de-sucesso\/"]}]},{"@type":"ImageObject","inLanguage":"en-GB","@id":"https:\/\/efikipartners.com\/casos-de-sucesso\/#primaryimage","url":"https:\/\/efikipartners.com\/wp-content\/uploads\/2019\/02\/cases_bg.jpg","contentUrl":"https:\/\/efikipartners.com\/wp-content\/uploads\/2019\/02\/cases_bg.jpg","width":1700,"height":526},{"@type":"BreadcrumbList","@id":"https:\/\/efikipartners.com\/casos-de-sucesso\/#breadcrumb","itemListElement":[{"@type":"ListItem","position":1,"name":"In\u00edcio","item":"https:\/\/efikipartners.com\/"},{"@type":"ListItem","position":2,"name":"Casos de Sucesso"}]},{"@type":"WebSite","@id":"https:\/\/efikipartners.com\/#website","url":"https:\/\/efikipartners.com\/","name":"Efiki Partners","description":"A Sua Financial Boutique","publisher":{"@id":"https:\/\/efikipartners.com\/#organization"},"potentialAction":[{"@type":"SearchAction","target":{"@type":"EntryPoint","urlTemplate":"https:\/\/efikipartners.com\/?s={search_term_string}"},"query-input":{"@type":"PropertyValueSpecification","valueRequired":true,"valueName":"search_term_string"}}],"inLanguage":"en-GB"},{"@type":"Organization","@id":"https:\/\/efikipartners.com\/#organization","name":"Efiki Partners","url":"https:\/\/efikipartners.com\/","logo":{"@type":"ImageObject","inLanguage":"en-GB","@id":"https:\/\/efikipartners.com\/#\/schema\/logo\/image\/","url":"https:\/\/efikipartners.com\/wp-content\/uploads\/2021\/09\/logo-footer-efiki-04-1.png","contentUrl":"https:\/\/efikipartners.com\/wp-content\/uploads\/2021\/09\/logo-footer-efiki-04-1.png","width":157,"height":135,"caption":"Efiki Partners"},"image":{"@id":"https:\/\/efikipartners.com\/#\/schema\/logo\/image\/"},"sameAs":["https:\/\/www.linkedin.com\/company\/efiki-partners\/"]}]}},"_links":{"self":[{"href":"https:\/\/efikipartners.com\/en\/wp-json\/wp\/v2\/pages\/4681","targetHints":{"allow":["GET"]}}],"collection":[{"href":"https:\/\/efikipartners.com\/en\/wp-json\/wp\/v2\/pages"}],"about":[{"href":"https:\/\/efikipartners.com\/en\/wp-json\/wp\/v2\/types\/page"}],"author":[{"embeddable":true,"href":"https:\/\/efikipartners.com\/en\/wp-json\/wp\/v2\/users\/3"}],"replies":[{"embeddable":true,"href":"https:\/\/efikipartners.com\/en\/wp-json\/wp\/v2\/comments?post=4681"}],"version-history":[{"count":102,"href":"https:\/\/efikipartners.com\/en\/wp-json\/wp\/v2\/pages\/4681\/revisions"}],"predecessor-version":[{"id":9219,"href":"https:\/\/efikipartners.com\/en\/wp-json\/wp\/v2\/pages\/4681\/revisions\/9219"}],"wp:featuredmedia":[{"embeddable":true,"href":"https:\/\/efikipartners.com\/en\/wp-json\/wp\/v2\/media\/5903"}],"wp:attachment":[{"href":"https:\/\/efikipartners.com\/en\/wp-json\/wp\/v2\/media?parent=4681"}],"curies":[{"name":"wp","href":"https:\/\/api.w.org\/{rel}","templated":true}]}}