{"id":6865,"date":"2021-09-23T14:35:49","date_gmt":"2021-09-23T14:35:49","guid":{"rendered":"https:\/\/efikipartners.com\/?page_id=6865"},"modified":"2026-04-02T20:08:08","modified_gmt":"2026-04-02T20:08:08","slug":"apoio-a-venda-de-empresas","status":"publish","type":"page","link":"https:\/\/efikipartners.com\/en\/apoio-a-venda-de-empresas\/","title":{"rendered":"Business Sale Advisory Services"},"content":{"rendered":"<div data-elementor-type=\"wp-post\" data-elementor-id=\"6865\" class=\"elementor elementor-6865\" data-elementor-post-type=\"page\">\n\t\t\t\t<div class=\"elementor-element elementor-element-d44fd56 e-flex e-con-boxed wpr-particle-no wpr-jarallax-no wpr-parallax-no wpr-sticky-section-no e-con e-parent\" data-id=\"d44fd56\" data-element_type=\"container\" data-e-type=\"container\" data-settings=\"{&quot;background_background&quot;:&quot;classic&quot;}\">\n\t\t\t\t\t<div class=\"e-con-inner\">\n\t\t\t\t<div class=\"elementor-element elementor-element-85ad0e8 elementor-widget elementor-widget-heading\" data-id=\"85ad0e8\" data-element_type=\"widget\" data-e-type=\"widget\" data-widget_type=\"heading.default\">\n\t\t\t\t<div class=\"elementor-widget-container\">\n\t\t\t\t\t<h1 class=\"elementor-heading-title elementor-size-default\">Business Sale Advisory Services<\/h1>\t\t\t\t<\/div>\n\t\t\t\t<\/div>\n\t\t\t\t<div class=\"elementor-element-custom_font_size elementor-element-custom_line_height elementor-element-custom_font_family elementor-element-custom_color elementor-element elementor-element-5cd2081 elementor-widget elementor-widget-text-editor\" data-id=\"5cd2081\" data-element_type=\"widget\" data-e-type=\"widget\" data-widget_type=\"text-editor.default\">\n\t\t\t\t<div class=\"elementor-widget-container\">\n\t\t\t\t\t\t\t\t\t<p><em>Sell-side Advisory<\/em><\/p>\t\t\t\t\t\t\t\t<\/div>\n\t\t\t\t<\/div>\n\t\t\t\t\t<\/div>\n\t\t\t\t<\/div>\n\t\t<div class=\"elementor-element elementor-element-16829ac e-flex e-con-boxed wpr-particle-no wpr-jarallax-no wpr-parallax-no wpr-sticky-section-no e-con e-parent\" data-id=\"16829ac\" data-element_type=\"container\" data-e-type=\"container\" data-settings=\"{&quot;background_background&quot;:&quot;classic&quot;}\">\n\t\t\t\t\t<div class=\"e-con-inner\">\n\t\t<div class=\"elementor-element elementor-element-0d876f5 e-con-full e-flex wpr-particle-no wpr-jarallax-no wpr-parallax-no wpr-sticky-section-no e-con e-child\" data-id=\"0d876f5\" data-element_type=\"container\" data-e-type=\"container\">\n\t\t<div class=\"elementor-element elementor-element-2d771c6 e-con-full e-flex wpr-particle-no wpr-jarallax-no wpr-parallax-no wpr-sticky-section-no e-con e-child\" data-id=\"2d771c6\" data-element_type=\"container\" data-e-type=\"container\">\n\t\t<div class=\"elementor-element elementor-element-11d2986 e-con-full e-flex wpr-particle-no wpr-jarallax-no wpr-parallax-no wpr-sticky-section-no e-con e-child\" data-id=\"11d2986\" data-element_type=\"container\" data-e-type=\"container\">\n\t\t\t\t<div class=\"elementor-element-custom_font_size elementor-element-custom_font_family elementor-element-custom_font_weight elementor-element-custom_color elementor-element elementor-element-3aed400 elementor-widget elementor-widget-text-editor\" data-id=\"3aed400\" data-element_type=\"widget\" data-e-type=\"widget\" data-widget_type=\"text-editor.default\">\n\t\t\t\t<div class=\"elementor-widget-container\">\n\t\t\t\t\t\t\t\t\t<p>Services<\/p>\t\t\t\t\t\t\t\t<\/div>\n\t\t\t\t<\/div>\n\t\t\t\t<div class=\"elementor-element-custom_font_size elementor-element-custom_line_height elementor-element-custom_font_family elementor-element-custom_color elementor-element elementor-element-9b01bb6 elementor-widget elementor-widget-text-editor\" data-id=\"9b01bb6\" data-element_type=\"widget\" data-e-type=\"widget\" data-widget_type=\"text-editor.default\">\n\t\t\t\t<div class=\"elementor-widget-container\">\n\t\t\t\t\t\t\t\t\t<p><b>Services for the Sale of Companies and businesses <\/b>(sell-side)<\/p>\t\t\t\t\t\t\t\t<\/div>\n\t\t\t\t<\/div>\n\t\t\t\t<div class=\"elementor-element elementor-element-23749f0 elementor-widget elementor-widget-spacer\" data-id=\"23749f0\" data-element_type=\"widget\" data-e-type=\"widget\" data-widget_type=\"spacer.default\">\n\t\t\t\t<div class=\"elementor-widget-container\">\n\t\t\t\t\t\t\t<div class=\"elementor-spacer\">\n\t\t\t<div class=\"elementor-spacer-inner\"><\/div>\n\t\t<\/div>\n\t\t\t\t\t\t<\/div>\n\t\t\t\t<\/div>\n\t\t\t\t<\/div>\n\t\t<div class=\"elementor-element elementor-element-955f7c5 e-con-full e-flex wpr-particle-no wpr-jarallax-no wpr-parallax-no wpr-sticky-section-no e-con e-child\" data-id=\"955f7c5\" data-element_type=\"container\" data-e-type=\"container\">\n\t\t\t\t<div class=\"elementor-element-custom_font_family elementor-element-custom_color elementor-element elementor-element-e390bca elementor-widget elementor-widget-text-editor\" data-id=\"e390bca\" data-element_type=\"widget\" data-e-type=\"widget\" data-widget_type=\"text-editor.default\">\n\t\t\t\t<div class=\"elementor-widget-container\">\n\t\t\t\t\t\t\t\t\t<p>Regardless of the reason \u2013 whether it arises or they seek the opportunity to materialize years of effort, because exhaustion sets in, because succession is not assured, because the company cannot accommodate all of its partners or family members, etc. \u2013 at some point, partners or shareholders will face the possibility or desire to sell their company. It is a moment of conflicting interests, emotionally complicated and difficult to manage, especially because it is crucial not to compromise day-to-day management.<\/p>\t\t\t\t\t\t\t\t<\/div>\n\t\t\t\t<\/div>\n\t\t\t\t<\/div>\n\t\t\t\t<\/div>\n\t\t\t\t<div class=\"elementor-element elementor-element-c8ea477 elementor-widget elementor-widget-spacer\" data-id=\"c8ea477\" data-element_type=\"widget\" data-e-type=\"widget\" data-widget_type=\"spacer.default\">\n\t\t\t\t<div class=\"elementor-widget-container\">\n\t\t\t\t\t\t\t<div class=\"elementor-spacer\">\n\t\t\t<div class=\"elementor-spacer-inner\"><\/div>\n\t\t<\/div>\n\t\t\t\t\t\t<\/div>\n\t\t\t\t<\/div>\n\t\t\t\t<div class=\"elementor-element elementor-element-75eb08b elementor-widget elementor-widget-image\" data-id=\"75eb08b\" data-element_type=\"widget\" data-e-type=\"widget\" data-widget_type=\"image.default\">\n\t\t\t\t<div class=\"elementor-widget-container\">\n\t\t\t\t\t\t\t\t\t\t\t\t\t\t\t<img fetchpriority=\"high\" decoding=\"async\" width=\"1172\" height=\"515\" src=\"https:\/\/efikipartners.com\/wp-content\/uploads\/2021\/10\/services-PB.png\" class=\"attachment-full size-full wp-image-7094\" alt=\"project-finance-consultoria-financeira-financial-boutique\" srcset=\"https:\/\/efikipartners.com\/wp-content\/uploads\/2021\/10\/services-PB.png 1172w, https:\/\/efikipartners.com\/wp-content\/uploads\/2021\/10\/services-PB-300x132.png 300w, https:\/\/efikipartners.com\/wp-content\/uploads\/2021\/10\/services-PB-1024x450.png 1024w, https:\/\/efikipartners.com\/wp-content\/uploads\/2021\/10\/services-PB-768x337.png 768w, https:\/\/efikipartners.com\/wp-content\/uploads\/2021\/10\/services-PB-480x211.png 480w\" sizes=\"(max-width: 1172px) 100vw, 1172px\" title=\"project-finance-consultoria-financeira\" \/>\t\t\t\t\t\t\t\t\t\t\t\t\t\t\t<\/div>\n\t\t\t\t<\/div>\n\t\t\t\t<\/div>\n\t\t\t\t\t<\/div>\n\t\t\t\t<\/div>\n\t\t<div class=\"elementor-element elementor-element-86da28f e-flex e-con-boxed wpr-particle-no wpr-jarallax-no wpr-parallax-no wpr-sticky-section-no e-con e-parent\" data-id=\"86da28f\" data-element_type=\"container\" data-e-type=\"container\" data-settings=\"{&quot;background_background&quot;:&quot;classic&quot;}\">\n\t\t\t\t\t<div class=\"e-con-inner\">\n\t\t<div class=\"elementor-element elementor-element-42df76c e-con-full e-flex wpr-particle-no wpr-jarallax-no wpr-parallax-no wpr-sticky-section-no e-con e-child\" data-id=\"42df76c\" data-element_type=\"container\" data-e-type=\"container\">\n\t\t\t\t<div class=\"elementor-element-custom_font_family elementor-element elementor-element-93a8caa elementor-widget elementor-widget-text-editor\" data-id=\"93a8caa\" data-element_type=\"widget\" data-e-type=\"widget\" data-widget_type=\"text-editor.default\">\n\t\t\t\t<div class=\"elementor-widget-container\">\n\t\t\t\t\t\t\t\t\t<p>Selling a company is a unique operation \u2013 technical, emotional, and irreversible. The conditions under which it is conducted largely determine its outcome \u2013 in value, discretion, and business continuity. Efiki takes charge of the entire process, ensuring:<\/p>\t\t\t\t\t\t\t\t<\/div>\n\t\t\t\t<\/div>\n\t\t\t\t<div class=\"elementor-element-custom_font_family elementor-element elementor-element-8c1e90b elementor-widget elementor-widget-text-editor\" data-id=\"8c1e90b\" data-element_type=\"widget\" data-e-type=\"widget\" data-widget_type=\"text-editor.default\">\n\t\t\t\t<div class=\"elementor-widget-container\">\n\t\t\t\t\t\t\t\t\t<p><span style=\"color: #ac312f;\"><strong>\u2713 <\/strong><\/span>Preparing the company for the sale process<\/p>\t\t\t\t\t\t\t\t<\/div>\n\t\t\t\t<\/div>\n\t\t\t\t<div class=\"elementor-element-custom_font_family elementor-element elementor-element-320ece5 elementor-widget elementor-widget-text-editor\" data-id=\"320ece5\" data-element_type=\"widget\" data-e-type=\"widget\" data-widget_type=\"text-editor.default\">\n\t\t\t\t<div class=\"elementor-widget-container\">\n\t\t\t\t\t\t\t\t\t<p><span style=\"color: #ac312f;\"><strong>\u2713 <\/strong><\/span>Company valuation<\/p>\t\t\t\t\t\t\t\t<\/div>\n\t\t\t\t<\/div>\n\t\t\t\t<div class=\"elementor-element-custom_font_family elementor-element elementor-element-f2b77e9 elementor-widget elementor-widget-text-editor\" data-id=\"f2b77e9\" data-element_type=\"widget\" data-e-type=\"widget\" data-widget_type=\"text-editor.default\">\n\t\t\t\t<div class=\"elementor-widget-container\">\n\t\t\t\t\t\t\t\t\t<p><span style=\"color: #ac312f;\"><strong>\u2713 <\/strong><\/span>Identifying and mitigating potential obstacles to the sale<\/p>\t\t\t\t\t\t\t\t<\/div>\n\t\t\t\t<\/div>\n\t\t\t\t<div class=\"elementor-element-custom_font_family elementor-element elementor-element-5205732 elementor-widget elementor-widget-text-editor\" data-id=\"5205732\" data-element_type=\"widget\" data-e-type=\"widget\" data-widget_type=\"text-editor.default\">\n\t\t\t\t<div class=\"elementor-widget-container\">\n\t\t\t\t\t\t\t\t\t<p><span style=\"color: #ac312f;\"><strong>\u2713 <\/strong><\/span>Preparing supporting documentation for the sale<\/p>\t\t\t\t\t\t\t\t<\/div>\n\t\t\t\t<\/div>\n\t\t\t\t<div class=\"elementor-element-custom_font_family elementor-element elementor-element-249cd30 elementor-widget elementor-widget-text-editor\" data-id=\"249cd30\" data-element_type=\"widget\" data-e-type=\"widget\" data-widget_type=\"text-editor.default\">\n\t\t\t\t<div class=\"elementor-widget-container\">\n\t\t\t\t\t\t\t\t\t<p><span style=\"color: #ac312f;\"><strong>\u2713 <\/strong><\/span>Prospecting and selecting the best buyers<\/p>\t\t\t\t\t\t\t\t<\/div>\n\t\t\t\t<\/div>\n\t\t\t\t<div class=\"elementor-element-custom_font_family elementor-element elementor-element-54c3764 elementor-widget elementor-widget-text-editor\" data-id=\"54c3764\" data-element_type=\"widget\" data-e-type=\"widget\" data-widget_type=\"text-editor.default\">\n\t\t\t\t<div class=\"elementor-widget-container\">\n\t\t\t\t\t\t\t\t\t<p><span style=\"color: #ac312f;\"><strong>\u2713 <\/strong><\/span>Conducting the negotiation process<\/p>\t\t\t\t\t\t\t\t<\/div>\n\t\t\t\t<\/div>\n\t\t\t\t<div class=\"elementor-element-custom_font_family elementor-element elementor-element-87148de elementor-widget elementor-widget-text-editor\" data-id=\"87148de\" data-element_type=\"widget\" data-e-type=\"widget\" data-widget_type=\"text-editor.default\">\n\t\t\t\t<div class=\"elementor-widget-container\">\n\t\t\t\t\t\t\t\t\t<p><span style=\"color: #ac312f;\"><strong>\u2713 <\/strong><\/span>Support in responding to the due diligence process<\/p>\t\t\t\t\t\t\t\t<\/div>\n\t\t\t\t<\/div>\n\t\t\t\t<div class=\"elementor-element-custom_font_family elementor-element elementor-element-e2a9e66 elementor-widget elementor-widget-text-editor\" data-id=\"e2a9e66\" data-element_type=\"widget\" data-e-type=\"widget\" data-widget_type=\"text-editor.default\">\n\t\t\t\t<div class=\"elementor-widget-container\">\n\t\t\t\t\t\t\t\t\t<p><span style=\"color: #ac312f;\"><strong>\u2713 <\/strong><\/span>Structuring the transaction<\/p>\t\t\t\t\t\t\t\t<\/div>\n\t\t\t\t<\/div>\n\t\t\t\t<div class=\"elementor-element-custom_font_family elementor-element elementor-element-b60ddba elementor-widget elementor-widget-text-editor\" data-id=\"b60ddba\" data-element_type=\"widget\" data-e-type=\"widget\" data-widget_type=\"text-editor.default\">\n\t\t\t\t<div class=\"elementor-widget-container\">\n\t\t\t\t\t\t\t\t\t<p><span style=\"color: #ac312f;\"><strong>\u2713 <\/strong><\/span>Advice on the closing process<\/p>\t\t\t\t\t\t\t\t<\/div>\n\t\t\t\t<\/div>\n\t\t\t\t<\/div>\n\t\t\t\t\t<\/div>\n\t\t\t\t<\/div>\n\t\t\t\t<\/div>","protected":false},"excerpt":{"rendered":"<p>Apoio \u00e0 Venda de Empresas Sell-side Advisory servi\u00e7os Assessoria em processos de Venda de Empresas e neg\u00f3cios (sell-side) Independentemente do motivo &#8211; porque surge ou buscam a oportunidade de materializar anos de esfor\u00e7o, porque a exaust\u00e3o aperta, porque a sucess\u00e3o n\u00e3o est\u00e1 assegurada, porque a empresa n\u00e3o acomoda a totalidade dos seus s\u00f3cios ou da fam\u00edlia, \u2026 &#8211; em algum momento os s\u00f3cios ou acionistas confrontar-se-\u00e3o com a possibilidade ou o desejo de venderem a sua empresa. \u00c9 um momento de choque de interesses, emocionalmente complicado e de dif\u00edcil gest\u00e3o, sobretudo porque \u00e9 crucial n\u00e3o comprometer a gest\u00e3o do dia-a-dia. A venda de uma empresa \u00e9 uma opera\u00e7\u00e3o singular &#8211; t\u00e9cnica, emocional e irrevers\u00edvel. As condi\u00e7\u00f5es em que \u00e9 conduzida determinam, em larga medida, o seu resultado \u2014 em valor, em discri\u00e7\u00e3o e em continuidade do neg\u00f3cio. A Efiki assume a condu\u00e7\u00e3o do processo na totalidade, assegurando: \u2713 A prepara\u00e7\u00e3o da empresa para o processo de venda \u2713 A avalia\u00e7\u00e3o da empresa \u2713 A identifica\u00e7\u00e3o e mitiga\u00e7\u00e3o de eventuais obst\u00e1culos \u00e0 venda \u2713 A elabora\u00e7\u00e3o de documenta\u00e7\u00e3o de suporte \u00e0 venda \u2713 A prospe\u00e7\u00e3o e sele\u00e7\u00e3o dos melhores compradores \u2713 A condu\u00e7\u00e3o do processo negocial \u2713 O apoio na resposta ao processo de due-diligence \u2713 A montagem da opera\u00e7\u00e3o \u2713 A assessoria ao processo de fecho<\/p>","protected":false},"author":3,"featured_media":6942,"parent":0,"menu_order":0,"comment_status":"closed","ping_status":"closed","template":"elementor_header_footer","meta":{"footnotes":""},"class_list":["post-6865","page","type-page","status-publish","has-post-thumbnail","hentry"],"yoast_head":"<!-- This site is optimized with the Yoast SEO plugin v27.3 - https:\/\/yoast.com\/product\/yoast-seo-wordpress\/ -->\n<title>Apoio \u00e0 Venda de Empresas - Efiki Partners<\/title>\n<meta name=\"description\" content=\"Project Finance, assegura o acesso aos melhores servi\u00e7os de assessoria em Concess\u00f5es, Parcerias P\u00fablico-Privadas e projetos de capitais p\u00fablicos ou mistos.\" \/>\n<meta name=\"robots\" content=\"index, follow, max-snippet:-1, max-image-preview:large, max-video-preview:-1\" \/>\n<link rel=\"canonical\" href=\"https:\/\/efikipartners.com\/en\/apoio-a-venda-de-empresas\/\" \/>\n<meta property=\"og:locale\" content=\"en_GB\" \/>\n<meta property=\"og:type\" content=\"article\" \/>\n<meta property=\"og:title\" content=\"Apoio \u00e0 Venda de Empresas - Efiki Partners\" \/>\n<meta property=\"og:description\" content=\"Project Finance, assegura o acesso aos melhores servi\u00e7os de assessoria em Concess\u00f5es, Parcerias P\u00fablico-Privadas e projetos de capitais p\u00fablicos ou mistos.\" \/>\n<meta property=\"og:url\" content=\"https:\/\/efikipartners.com\/en\/apoio-a-venda-de-empresas\/\" \/>\n<meta property=\"og:site_name\" content=\"Efiki Partners\" \/>\n<meta property=\"article:modified_time\" content=\"2026-04-02T20:08:08+00:00\" \/>\n<meta property=\"og:image\" content=\"https:\/\/efikipartners.com\/wp-content\/uploads\/2021\/09\/services_banner-04.jpg\" \/>\n\t<meta property=\"og:image:width\" content=\"1701\" \/>\n\t<meta property=\"og:image:height\" content=\"527\" \/>\n\t<meta property=\"og:image:type\" content=\"image\/jpeg\" \/>\n<meta name=\"twitter:card\" content=\"summary_large_image\" \/>\n<meta name=\"twitter:label1\" content=\"Estimated reading time\" \/>\n\t<meta name=\"twitter:data1\" content=\"2 minutes\" \/>\n<script type=\"application\/ld+json\" class=\"yoast-schema-graph\">{\"@context\":\"https:\\\/\\\/schema.org\",\"@graph\":[{\"@type\":\"WebPage\",\"@id\":\"https:\\\/\\\/efikipartners.com\\\/apoio-a-venda-de-empresas\\\/\",\"url\":\"https:\\\/\\\/efikipartners.com\\\/apoio-a-venda-de-empresas\\\/\",\"name\":\"Apoio \u00e0 Venda de Empresas - Efiki Partners\",\"isPartOf\":{\"@id\":\"https:\\\/\\\/efikipartners.com\\\/#website\"},\"primaryImageOfPage\":{\"@id\":\"https:\\\/\\\/efikipartners.com\\\/apoio-a-venda-de-empresas\\\/#primaryimage\"},\"image\":{\"@id\":\"https:\\\/\\\/efikipartners.com\\\/apoio-a-venda-de-empresas\\\/#primaryimage\"},\"thumbnailUrl\":\"https:\\\/\\\/efikipartners.com\\\/wp-content\\\/uploads\\\/2021\\\/09\\\/services_banner-04.jpg\",\"datePublished\":\"2021-09-23T14:35:49+00:00\",\"dateModified\":\"2026-04-02T20:08:08+00:00\",\"description\":\"Project Finance, assegura o acesso aos melhores servi\u00e7os de assessoria em Concess\u00f5es, Parcerias P\u00fablico-Privadas e projetos de capitais p\u00fablicos ou mistos.\",\"breadcrumb\":{\"@id\":\"https:\\\/\\\/efikipartners.com\\\/apoio-a-venda-de-empresas\\\/#breadcrumb\"},\"inLanguage\":\"en-GB\",\"potentialAction\":[{\"@type\":\"ReadAction\",\"target\":[\"https:\\\/\\\/efikipartners.com\\\/apoio-a-venda-de-empresas\\\/\"]}]},{\"@type\":\"ImageObject\",\"inLanguage\":\"en-GB\",\"@id\":\"https:\\\/\\\/efikipartners.com\\\/apoio-a-venda-de-empresas\\\/#primaryimage\",\"url\":\"https:\\\/\\\/efikipartners.com\\\/wp-content\\\/uploads\\\/2021\\\/09\\\/services_banner-04.jpg\",\"contentUrl\":\"https:\\\/\\\/efikipartners.com\\\/wp-content\\\/uploads\\\/2021\\\/09\\\/services_banner-04.jpg\",\"width\":1701,\"height\":527,\"caption\":\"project-finance-efiki-partners-consultoria-financeira-financial-boutique\"},{\"@type\":\"BreadcrumbList\",\"@id\":\"https:\\\/\\\/efikipartners.com\\\/apoio-a-venda-de-empresas\\\/#breadcrumb\",\"itemListElement\":[{\"@type\":\"ListItem\",\"position\":1,\"name\":\"In\u00edcio\",\"item\":\"https:\\\/\\\/efikipartners.com\\\/\"},{\"@type\":\"ListItem\",\"position\":2,\"name\":\"Apoio \u00e0 Venda de Empresas\"}]},{\"@type\":\"WebSite\",\"@id\":\"https:\\\/\\\/efikipartners.com\\\/#website\",\"url\":\"https:\\\/\\\/efikipartners.com\\\/\",\"name\":\"Efiki Partners\",\"description\":\"A Sua Financial Boutique\",\"publisher\":{\"@id\":\"https:\\\/\\\/efikipartners.com\\\/#organization\"},\"potentialAction\":[{\"@type\":\"SearchAction\",\"target\":{\"@type\":\"EntryPoint\",\"urlTemplate\":\"https:\\\/\\\/efikipartners.com\\\/?s={search_term_string}\"},\"query-input\":{\"@type\":\"PropertyValueSpecification\",\"valueRequired\":true,\"valueName\":\"search_term_string\"}}],\"inLanguage\":\"en-GB\"},{\"@type\":\"Organization\",\"@id\":\"https:\\\/\\\/efikipartners.com\\\/#organization\",\"name\":\"Efiki Partners\",\"url\":\"https:\\\/\\\/efikipartners.com\\\/\",\"logo\":{\"@type\":\"ImageObject\",\"inLanguage\":\"en-GB\",\"@id\":\"https:\\\/\\\/efikipartners.com\\\/#\\\/schema\\\/logo\\\/image\\\/\",\"url\":\"https:\\\/\\\/efikipartners.com\\\/wp-content\\\/uploads\\\/2021\\\/09\\\/logo-footer-efiki-04-1.png\",\"contentUrl\":\"https:\\\/\\\/efikipartners.com\\\/wp-content\\\/uploads\\\/2021\\\/09\\\/logo-footer-efiki-04-1.png\",\"width\":157,\"height\":135,\"caption\":\"Efiki Partners\"},\"image\":{\"@id\":\"https:\\\/\\\/efikipartners.com\\\/#\\\/schema\\\/logo\\\/image\\\/\"},\"sameAs\":[\"https:\\\/\\\/www.linkedin.com\\\/company\\\/efiki-partners\\\/\"]}]}<\/script>\n<!-- \/ Yoast SEO plugin. -->","yoast_head_json":{"title":"Apoio \u00e0 Venda de Empresas - Efiki Partners","description":"Project Finance, assegura o acesso aos melhores servi\u00e7os de assessoria em Concess\u00f5es, Parcerias P\u00fablico-Privadas e projetos de capitais p\u00fablicos ou mistos.","robots":{"index":"index","follow":"follow","max-snippet":"max-snippet:-1","max-image-preview":"max-image-preview:large","max-video-preview":"max-video-preview:-1"},"canonical":"https:\/\/efikipartners.com\/en\/apoio-a-venda-de-empresas\/","og_locale":"en_GB","og_type":"article","og_title":"Apoio \u00e0 Venda de Empresas - Efiki Partners","og_description":"Project Finance, assegura o acesso aos melhores servi\u00e7os de assessoria em Concess\u00f5es, Parcerias P\u00fablico-Privadas e projetos de capitais p\u00fablicos ou mistos.","og_url":"https:\/\/efikipartners.com\/en\/apoio-a-venda-de-empresas\/","og_site_name":"Efiki Partners","article_modified_time":"2026-04-02T20:08:08+00:00","og_image":[{"width":1701,"height":527,"url":"https:\/\/efikipartners.com\/wp-content\/uploads\/2021\/09\/services_banner-04.jpg","type":"image\/jpeg"}],"twitter_card":"summary_large_image","twitter_misc":{"Estimated reading time":"2 minutes"},"schema":{"@context":"https:\/\/schema.org","@graph":[{"@type":"WebPage","@id":"https:\/\/efikipartners.com\/apoio-a-venda-de-empresas\/","url":"https:\/\/efikipartners.com\/apoio-a-venda-de-empresas\/","name":"Apoio \u00e0 Venda de Empresas - Efiki Partners","isPartOf":{"@id":"https:\/\/efikipartners.com\/#website"},"primaryImageOfPage":{"@id":"https:\/\/efikipartners.com\/apoio-a-venda-de-empresas\/#primaryimage"},"image":{"@id":"https:\/\/efikipartners.com\/apoio-a-venda-de-empresas\/#primaryimage"},"thumbnailUrl":"https:\/\/efikipartners.com\/wp-content\/uploads\/2021\/09\/services_banner-04.jpg","datePublished":"2021-09-23T14:35:49+00:00","dateModified":"2026-04-02T20:08:08+00:00","description":"Project Finance, assegura o acesso aos melhores servi\u00e7os de assessoria em Concess\u00f5es, Parcerias P\u00fablico-Privadas e projetos de capitais p\u00fablicos ou mistos.","breadcrumb":{"@id":"https:\/\/efikipartners.com\/apoio-a-venda-de-empresas\/#breadcrumb"},"inLanguage":"en-GB","potentialAction":[{"@type":"ReadAction","target":["https:\/\/efikipartners.com\/apoio-a-venda-de-empresas\/"]}]},{"@type":"ImageObject","inLanguage":"en-GB","@id":"https:\/\/efikipartners.com\/apoio-a-venda-de-empresas\/#primaryimage","url":"https:\/\/efikipartners.com\/wp-content\/uploads\/2021\/09\/services_banner-04.jpg","contentUrl":"https:\/\/efikipartners.com\/wp-content\/uploads\/2021\/09\/services_banner-04.jpg","width":1701,"height":527,"caption":"project-finance-efiki-partners-consultoria-financeira-financial-boutique"},{"@type":"BreadcrumbList","@id":"https:\/\/efikipartners.com\/apoio-a-venda-de-empresas\/#breadcrumb","itemListElement":[{"@type":"ListItem","position":1,"name":"In\u00edcio","item":"https:\/\/efikipartners.com\/"},{"@type":"ListItem","position":2,"name":"Apoio \u00e0 Venda de Empresas"}]},{"@type":"WebSite","@id":"https:\/\/efikipartners.com\/#website","url":"https:\/\/efikipartners.com\/","name":"Efiki Partners","description":"A Sua Financial Boutique","publisher":{"@id":"https:\/\/efikipartners.com\/#organization"},"potentialAction":[{"@type":"SearchAction","target":{"@type":"EntryPoint","urlTemplate":"https:\/\/efikipartners.com\/?s={search_term_string}"},"query-input":{"@type":"PropertyValueSpecification","valueRequired":true,"valueName":"search_term_string"}}],"inLanguage":"en-GB"},{"@type":"Organization","@id":"https:\/\/efikipartners.com\/#organization","name":"Efiki Partners","url":"https:\/\/efikipartners.com\/","logo":{"@type":"ImageObject","inLanguage":"en-GB","@id":"https:\/\/efikipartners.com\/#\/schema\/logo\/image\/","url":"https:\/\/efikipartners.com\/wp-content\/uploads\/2021\/09\/logo-footer-efiki-04-1.png","contentUrl":"https:\/\/efikipartners.com\/wp-content\/uploads\/2021\/09\/logo-footer-efiki-04-1.png","width":157,"height":135,"caption":"Efiki Partners"},"image":{"@id":"https:\/\/efikipartners.com\/#\/schema\/logo\/image\/"},"sameAs":["https:\/\/www.linkedin.com\/company\/efiki-partners\/"]}]}},"_links":{"self":[{"href":"https:\/\/efikipartners.com\/en\/wp-json\/wp\/v2\/pages\/6865","targetHints":{"allow":["GET"]}}],"collection":[{"href":"https:\/\/efikipartners.com\/en\/wp-json\/wp\/v2\/pages"}],"about":[{"href":"https:\/\/efikipartners.com\/en\/wp-json\/wp\/v2\/types\/page"}],"author":[{"embeddable":true,"href":"https:\/\/efikipartners.com\/en\/wp-json\/wp\/v2\/users\/3"}],"replies":[{"embeddable":true,"href":"https:\/\/efikipartners.com\/en\/wp-json\/wp\/v2\/comments?post=6865"}],"version-history":[{"count":136,"href":"https:\/\/efikipartners.com\/en\/wp-json\/wp\/v2\/pages\/6865\/revisions"}],"predecessor-version":[{"id":9238,"href":"https:\/\/efikipartners.com\/en\/wp-json\/wp\/v2\/pages\/6865\/revisions\/9238"}],"wp:featuredmedia":[{"embeddable":true,"href":"https:\/\/efikipartners.com\/en\/wp-json\/wp\/v2\/media\/6942"}],"wp:attachment":[{"href":"https:\/\/efikipartners.com\/en\/wp-json\/wp\/v2\/media?parent=6865"}],"curies":[{"name":"wp","href":"https:\/\/api.w.org\/{rel}","templated":true}]}}