{"id":8967,"date":"2026-03-30T18:27:39","date_gmt":"2026-03-30T18:27:39","guid":{"rendered":"https:\/\/efikipartners.com\/?page_id=8967"},"modified":"2026-04-02T20:05:57","modified_gmt":"2026-04-02T20:05:57","slug":"caso-grupo-diversificado","status":"publish","type":"page","link":"https:\/\/efikipartners.com\/en\/caso-grupo-diversificado\/","title":{"rendered":"Caso de Sucesso &#8211; Grupo Diversificado"},"content":{"rendered":"<div data-elementor-type=\"wp-post\" data-elementor-id=\"8967\" class=\"elementor elementor-8967\" data-elementor-post-type=\"page\">\n\t\t\t\t<div class=\"elementor-element elementor-element-839d3ee e-flex e-con-boxed wpr-particle-no wpr-jarallax-no wpr-parallax-no wpr-sticky-section-no e-con e-parent\" data-id=\"839d3ee\" data-element_type=\"container\" data-e-type=\"container\" data-settings=\"{&quot;background_background&quot;:&quot;classic&quot;}\">\n\t\t\t\t\t<div class=\"e-con-inner\">\n\t\t<div class=\"elementor-element elementor-element-71d6964 e-con-full e-flex wpr-particle-no wpr-jarallax-no wpr-parallax-no wpr-sticky-section-no e-con e-child\" data-id=\"71d6964\" data-element_type=\"container\" data-e-type=\"container\">\n\t\t<div class=\"elementor-element elementor-element-cf2b687 e-con-full e-flex wpr-particle-no wpr-jarallax-no wpr-parallax-no wpr-sticky-section-no e-con e-child\" data-id=\"cf2b687\" data-element_type=\"container\" data-e-type=\"container\">\n\t\t\t\t<div class=\"elementor-element-custom_font_size elementor-element-custom_line_height elementor-element-custom_font_family elementor-element-custom_color elementor-element elementor-element-157a8dc elementor-widget elementor-widget-text-editor\" data-id=\"157a8dc\" data-element_type=\"widget\" data-e-type=\"widget\" data-widget_type=\"text-editor.default\">\n\t\t\t\t<div class=\"elementor-widget-container\">\n\t\t\t\t\t\t\t\t\t<p><em>Intra-partner purchase<\/em><\/p>\t\t\t\t\t\t\t\t<\/div>\n\t\t\t\t<\/div>\n\t\t\t\t<div class=\"elementor-element elementor-element-a703983 elementor-widget elementor-widget-heading\" data-id=\"a703983\" data-element_type=\"widget\" data-e-type=\"widget\" data-widget_type=\"heading.default\">\n\t\t\t\t<div class=\"elementor-widget-container\">\n\t\t\t\t\t<h1 class=\"elementor-heading-title elementor-size-default\">Diversified Group<\/h1>\t\t\t\t<\/div>\n\t\t\t\t<\/div>\n\t\t\t\t<\/div>\n\t\t\t\t<\/div>\n\t\t\t\t\t<\/div>\n\t\t\t\t<\/div>\n\t\t<div class=\"elementor-element elementor-element-b9e54e5 e-flex e-con-boxed wpr-particle-no wpr-jarallax-no wpr-parallax-no wpr-sticky-section-no e-con e-parent\" data-id=\"b9e54e5\" data-element_type=\"container\" data-e-type=\"container\">\n\t\t\t\t\t<div class=\"e-con-inner\">\n\t\t<div class=\"elementor-element elementor-element-73ddeca e-con-full e-flex wpr-particle-no wpr-jarallax-no wpr-parallax-no wpr-sticky-section-no e-con e-child\" data-id=\"73ddeca\" data-element_type=\"container\" data-e-type=\"container\">\n\t\t\t\t<div class=\"elementor-element-custom_font_family elementor-element-custom_color elementor-element elementor-element-3861a6e elementor-widget elementor-widget-text-editor\" data-id=\"3861a6e\" data-element_type=\"widget\" data-e-type=\"widget\" data-widget_type=\"text-editor.default\">\n\t\t\t\t<div class=\"elementor-widget-container\">\n\t\t\t\t\t\t\t\t\t<p><strong><span style=\"color: #ac312f;\">\u2713 <\/span>Challenge<\/strong>: as part of a process to redefine the shareholder structure of a diversified group of companies, we advised our client on the evaluation and negotiation of the process.<\/p><p><strong><span style=\"color: #ac312f;\">\u2713 <\/span>Action<\/strong>: after evaluating all the companies in the Group and defining the business areas to be split, we advised our client on defining the terms of the exchange and designing the solution for the transaction and the post-operation transition.<\/p><p><strong><span style=\"color: #ac312f;\">\u2713 <\/span>Outcome<\/strong>: following the successful negotiations and transition process, our client was freed from previous constraints and is now a national co-leader in its market.<\/p>\t\t\t\t\t\t\t\t<\/div>\n\t\t\t\t<\/div>\n\t\t\t\t<div class=\"elementor-element elementor-element-37c656c elementor-align-start elementor-icon-list--layout-traditional elementor-list-item-link-full_width elementor-widget elementor-widget-icon-list\" data-id=\"37c656c\" data-element_type=\"widget\" data-e-type=\"widget\" data-widget_type=\"icon-list.default\">\n\t\t\t\t<div class=\"elementor-widget-container\">\n\t\t\t\t\t\t\t<ul class=\"elementor-icon-list-items\">\n\t\t\t\t\t\t\t<li class=\"elementor-icon-list-item\">\n\t\t\t\t\t\t\t\t\t\t\t<a href=\"https:\/\/efikipartners.com\/en\/casos-de-sucesso\/\">\n\n\t\t\t\t\t\t\t\t\t\t\t\t<span class=\"elementor-icon-list-icon\">\n\t\t\t\t\t\t\t<i aria-hidden=\"true\" class=\"fas fa-chevron-left\"><\/i>\t\t\t\t\t\t<\/span>\n\t\t\t\t\t\t\t\t\t\t<span class=\"elementor-icon-list-text\">Back<\/span>\n\t\t\t\t\t\t\t\t\t\t\t<\/a>\n\t\t\t\t\t\t\t\t\t<\/li>\n\t\t\t\t\t\t<\/ul>\n\t\t\t\t\t\t<\/div>\n\t\t\t\t<\/div>\n\t\t\t\t<\/div>\n\t\t<div class=\"elementor-element elementor-element-2bb1785 e-con-full e-flex wpr-particle-no wpr-jarallax-no wpr-parallax-no wpr-sticky-section-no e-con e-child\" data-id=\"2bb1785\" data-element_type=\"container\" data-e-type=\"container\">\n\t\t\t\t<div class=\"elementor-element elementor-element-e61b9de elementor-widget elementor-widget-image\" data-id=\"e61b9de\" data-element_type=\"widget\" data-e-type=\"widget\" data-widget_type=\"image.default\">\n\t\t\t\t<div class=\"elementor-widget-container\">\n\t\t\t\t\t\t\t\t\t\t\t\t\t\t\t<img decoding=\"async\" width=\"157\" height=\"135\" src=\"https:\/\/efikipartners.com\/wp-content\/uploads\/2021\/09\/logo-footer-efiki-04-1.png\" class=\"attachment-full size-full wp-image-6640\" alt=\"Logo Efiki Partners\" title=\"Logo Efiki Partners\" \/>\t\t\t\t\t\t\t\t\t\t\t\t\t\t\t<\/div>\n\t\t\t\t<\/div>\n\t\t\t\t<\/div>\n\t\t\t\t\t<\/div>\n\t\t\t\t<\/div>\n\t\t\t\t<\/div>","protected":false},"excerpt":{"rendered":"<p>Compra intra-s\u00f3cios Grupo Diversificado \u2713 Desafio: no \u00e2mbito de um processo de redefini\u00e7\u00e3o da estrutura\u00e7\u00e3o acionista de um grupo diversificado de empresas, assessor\u00e1mos o nosso cliente na avalia\u00e7\u00e3o e negocia\u00e7\u00e3o do processo. \u2713 A\u00e7\u00e3o: ap\u00f3s avalia\u00e7\u00e3o de todas as empresa do Grupo e de defini\u00e7\u00e3o das \u00e1reas de neg\u00f3cio a cindir, assessor\u00e1mos no nosso cliente na defini\u00e7\u00e3o das condi\u00e7\u00f5es de troca e no desenho da solu\u00e7\u00e3o da transa\u00e7\u00e3o e da transi\u00e7\u00e3o p\u00f3s-opera\u00e7\u00e3o. \u2713 Desenlace: ap\u00f3s condu\u00e7\u00e3o bem sucedida das negocia\u00e7\u00f5es e do processo de transi\u00e7\u00e3o, o nosso cliente viu-se liberto das condicionantes anteriores e \u00e9 hoje co-l\u00edder nacional do mercado em que atua. Voltar<\/p>","protected":false},"author":3,"featured_media":6942,"parent":0,"menu_order":0,"comment_status":"closed","ping_status":"closed","template":"elementor_header_footer","meta":{"footnotes":""},"class_list":["post-8967","page","type-page","status-publish","has-post-thumbnail","hentry"],"yoast_head":"<!-- This site is optimized with the Yoast SEO plugin v27.3 - https:\/\/yoast.com\/product\/yoast-seo-wordpress\/ -->\n<title>Caso de Sucesso - Grupo Diversificado - Efiki Partners<\/title>\n<meta name=\"description\" content=\"O nosso cliente solicitou assessoria na reestrutura\u00e7\u00e3o societ\u00e1ria para um grupo diversificado.\" \/>\n<meta name=\"robots\" content=\"index, follow, max-snippet:-1, max-image-preview:large, max-video-preview:-1\" \/>\n<link rel=\"canonical\" href=\"https:\/\/efikipartners.com\/en\/caso-grupo-diversificado\/\" \/>\n<meta property=\"og:locale\" content=\"en_GB\" \/>\n<meta property=\"og:type\" content=\"article\" \/>\n<meta property=\"og:title\" content=\"Caso de Sucesso - Grupo Diversificado - Efiki Partners\" \/>\n<meta property=\"og:description\" content=\"O nosso cliente solicitou assessoria na reestrutura\u00e7\u00e3o societ\u00e1ria para um grupo diversificado.\" \/>\n<meta property=\"og:url\" content=\"https:\/\/efikipartners.com\/en\/caso-grupo-diversificado\/\" \/>\n<meta property=\"og:site_name\" content=\"Efiki Partners\" \/>\n<meta property=\"article:modified_time\" content=\"2026-04-02T20:05:57+00:00\" \/>\n<meta property=\"og:image\" content=\"https:\/\/efikipartners.com\/wp-content\/uploads\/2021\/09\/services_banner-04.jpg\" \/>\n\t<meta property=\"og:image:width\" content=\"1701\" \/>\n\t<meta property=\"og:image:height\" content=\"527\" \/>\n\t<meta property=\"og:image:type\" content=\"image\/jpeg\" \/>\n<meta name=\"twitter:card\" content=\"summary_large_image\" \/>\n<meta name=\"twitter:label1\" content=\"Estimated reading time\" \/>\n\t<meta name=\"twitter:data1\" content=\"1 minute\" \/>\n<script type=\"application\/ld+json\" class=\"yoast-schema-graph\">{\"@context\":\"https:\\\/\\\/schema.org\",\"@graph\":[{\"@type\":\"WebPage\",\"@id\":\"https:\\\/\\\/efikipartners.com\\\/caso-grupo-diversificado\\\/\",\"url\":\"https:\\\/\\\/efikipartners.com\\\/caso-grupo-diversificado\\\/\",\"name\":\"Caso de Sucesso - Grupo Diversificado - Efiki Partners\",\"isPartOf\":{\"@id\":\"https:\\\/\\\/efikipartners.com\\\/#website\"},\"primaryImageOfPage\":{\"@id\":\"https:\\\/\\\/efikipartners.com\\\/caso-grupo-diversificado\\\/#primaryimage\"},\"image\":{\"@id\":\"https:\\\/\\\/efikipartners.com\\\/caso-grupo-diversificado\\\/#primaryimage\"},\"thumbnailUrl\":\"https:\\\/\\\/efikipartners.com\\\/wp-content\\\/uploads\\\/2021\\\/09\\\/services_banner-04.jpg\",\"datePublished\":\"2026-03-30T18:27:39+00:00\",\"dateModified\":\"2026-04-02T20:05:57+00:00\",\"description\":\"O nosso cliente solicitou assessoria na reestrutura\u00e7\u00e3o societ\u00e1ria para um grupo diversificado.\",\"breadcrumb\":{\"@id\":\"https:\\\/\\\/efikipartners.com\\\/caso-grupo-diversificado\\\/#breadcrumb\"},\"inLanguage\":\"en-GB\",\"potentialAction\":[{\"@type\":\"ReadAction\",\"target\":[\"https:\\\/\\\/efikipartners.com\\\/caso-grupo-diversificado\\\/\"]}]},{\"@type\":\"ImageObject\",\"inLanguage\":\"en-GB\",\"@id\":\"https:\\\/\\\/efikipartners.com\\\/caso-grupo-diversificado\\\/#primaryimage\",\"url\":\"https:\\\/\\\/efikipartners.com\\\/wp-content\\\/uploads\\\/2021\\\/09\\\/services_banner-04.jpg\",\"contentUrl\":\"https:\\\/\\\/efikipartners.com\\\/wp-content\\\/uploads\\\/2021\\\/09\\\/services_banner-04.jpg\",\"width\":1701,\"height\":527,\"caption\":\"project-finance-efiki-partners-consultoria-financeira-financial-boutique\"},{\"@type\":\"BreadcrumbList\",\"@id\":\"https:\\\/\\\/efikipartners.com\\\/caso-grupo-diversificado\\\/#breadcrumb\",\"itemListElement\":[{\"@type\":\"ListItem\",\"position\":1,\"name\":\"In\u00edcio\",\"item\":\"https:\\\/\\\/efikipartners.com\\\/\"},{\"@type\":\"ListItem\",\"position\":2,\"name\":\"Caso de Sucesso &#8211; Grupo Diversificado\"}]},{\"@type\":\"WebSite\",\"@id\":\"https:\\\/\\\/efikipartners.com\\\/#website\",\"url\":\"https:\\\/\\\/efikipartners.com\\\/\",\"name\":\"Efiki Partners\",\"description\":\"A Sua Financial Boutique\",\"publisher\":{\"@id\":\"https:\\\/\\\/efikipartners.com\\\/#organization\"},\"potentialAction\":[{\"@type\":\"SearchAction\",\"target\":{\"@type\":\"EntryPoint\",\"urlTemplate\":\"https:\\\/\\\/efikipartners.com\\\/?s={search_term_string}\"},\"query-input\":{\"@type\":\"PropertyValueSpecification\",\"valueRequired\":true,\"valueName\":\"search_term_string\"}}],\"inLanguage\":\"en-GB\"},{\"@type\":\"Organization\",\"@id\":\"https:\\\/\\\/efikipartners.com\\\/#organization\",\"name\":\"Efiki Partners\",\"url\":\"https:\\\/\\\/efikipartners.com\\\/\",\"logo\":{\"@type\":\"ImageObject\",\"inLanguage\":\"en-GB\",\"@id\":\"https:\\\/\\\/efikipartners.com\\\/#\\\/schema\\\/logo\\\/image\\\/\",\"url\":\"https:\\\/\\\/efikipartners.com\\\/wp-content\\\/uploads\\\/2021\\\/09\\\/logo-footer-efiki-04-1.png\",\"contentUrl\":\"https:\\\/\\\/efikipartners.com\\\/wp-content\\\/uploads\\\/2021\\\/09\\\/logo-footer-efiki-04-1.png\",\"width\":157,\"height\":135,\"caption\":\"Efiki Partners\"},\"image\":{\"@id\":\"https:\\\/\\\/efikipartners.com\\\/#\\\/schema\\\/logo\\\/image\\\/\"},\"sameAs\":[\"https:\\\/\\\/www.linkedin.com\\\/company\\\/efiki-partners\\\/\"]}]}<\/script>\n<!-- \/ Yoast SEO plugin. -->","yoast_head_json":{"title":"Caso de Sucesso - Grupo Diversificado - Efiki Partners","description":"O nosso cliente solicitou assessoria na reestrutura\u00e7\u00e3o societ\u00e1ria para um grupo diversificado.","robots":{"index":"index","follow":"follow","max-snippet":"max-snippet:-1","max-image-preview":"max-image-preview:large","max-video-preview":"max-video-preview:-1"},"canonical":"https:\/\/efikipartners.com\/en\/caso-grupo-diversificado\/","og_locale":"en_GB","og_type":"article","og_title":"Caso de Sucesso - Grupo Diversificado - Efiki Partners","og_description":"O nosso cliente solicitou assessoria na reestrutura\u00e7\u00e3o societ\u00e1ria para um grupo diversificado.","og_url":"https:\/\/efikipartners.com\/en\/caso-grupo-diversificado\/","og_site_name":"Efiki Partners","article_modified_time":"2026-04-02T20:05:57+00:00","og_image":[{"width":1701,"height":527,"url":"https:\/\/efikipartners.com\/wp-content\/uploads\/2021\/09\/services_banner-04.jpg","type":"image\/jpeg"}],"twitter_card":"summary_large_image","twitter_misc":{"Estimated reading time":"1 minute"},"schema":{"@context":"https:\/\/schema.org","@graph":[{"@type":"WebPage","@id":"https:\/\/efikipartners.com\/caso-grupo-diversificado\/","url":"https:\/\/efikipartners.com\/caso-grupo-diversificado\/","name":"Caso de Sucesso - Grupo Diversificado - Efiki Partners","isPartOf":{"@id":"https:\/\/efikipartners.com\/#website"},"primaryImageOfPage":{"@id":"https:\/\/efikipartners.com\/caso-grupo-diversificado\/#primaryimage"},"image":{"@id":"https:\/\/efikipartners.com\/caso-grupo-diversificado\/#primaryimage"},"thumbnailUrl":"https:\/\/efikipartners.com\/wp-content\/uploads\/2021\/09\/services_banner-04.jpg","datePublished":"2026-03-30T18:27:39+00:00","dateModified":"2026-04-02T20:05:57+00:00","description":"O nosso cliente solicitou assessoria na reestrutura\u00e7\u00e3o societ\u00e1ria para um grupo diversificado.","breadcrumb":{"@id":"https:\/\/efikipartners.com\/caso-grupo-diversificado\/#breadcrumb"},"inLanguage":"en-GB","potentialAction":[{"@type":"ReadAction","target":["https:\/\/efikipartners.com\/caso-grupo-diversificado\/"]}]},{"@type":"ImageObject","inLanguage":"en-GB","@id":"https:\/\/efikipartners.com\/caso-grupo-diversificado\/#primaryimage","url":"https:\/\/efikipartners.com\/wp-content\/uploads\/2021\/09\/services_banner-04.jpg","contentUrl":"https:\/\/efikipartners.com\/wp-content\/uploads\/2021\/09\/services_banner-04.jpg","width":1701,"height":527,"caption":"project-finance-efiki-partners-consultoria-financeira-financial-boutique"},{"@type":"BreadcrumbList","@id":"https:\/\/efikipartners.com\/caso-grupo-diversificado\/#breadcrumb","itemListElement":[{"@type":"ListItem","position":1,"name":"In\u00edcio","item":"https:\/\/efikipartners.com\/"},{"@type":"ListItem","position":2,"name":"Caso de Sucesso &#8211; Grupo Diversificado"}]},{"@type":"WebSite","@id":"https:\/\/efikipartners.com\/#website","url":"https:\/\/efikipartners.com\/","name":"Efiki Partners","description":"A Sua Financial Boutique","publisher":{"@id":"https:\/\/efikipartners.com\/#organization"},"potentialAction":[{"@type":"SearchAction","target":{"@type":"EntryPoint","urlTemplate":"https:\/\/efikipartners.com\/?s={search_term_string}"},"query-input":{"@type":"PropertyValueSpecification","valueRequired":true,"valueName":"search_term_string"}}],"inLanguage":"en-GB"},{"@type":"Organization","@id":"https:\/\/efikipartners.com\/#organization","name":"Efiki Partners","url":"https:\/\/efikipartners.com\/","logo":{"@type":"ImageObject","inLanguage":"en-GB","@id":"https:\/\/efikipartners.com\/#\/schema\/logo\/image\/","url":"https:\/\/efikipartners.com\/wp-content\/uploads\/2021\/09\/logo-footer-efiki-04-1.png","contentUrl":"https:\/\/efikipartners.com\/wp-content\/uploads\/2021\/09\/logo-footer-efiki-04-1.png","width":157,"height":135,"caption":"Efiki Partners"},"image":{"@id":"https:\/\/efikipartners.com\/#\/schema\/logo\/image\/"},"sameAs":["https:\/\/www.linkedin.com\/company\/efiki-partners\/"]}]}},"_links":{"self":[{"href":"https:\/\/efikipartners.com\/en\/wp-json\/wp\/v2\/pages\/8967","targetHints":{"allow":["GET"]}}],"collection":[{"href":"https:\/\/efikipartners.com\/en\/wp-json\/wp\/v2\/pages"}],"about":[{"href":"https:\/\/efikipartners.com\/en\/wp-json\/wp\/v2\/types\/page"}],"author":[{"embeddable":true,"href":"https:\/\/efikipartners.com\/en\/wp-json\/wp\/v2\/users\/3"}],"replies":[{"embeddable":true,"href":"https:\/\/efikipartners.com\/en\/wp-json\/wp\/v2\/comments?post=8967"}],"version-history":[{"count":16,"href":"https:\/\/efikipartners.com\/en\/wp-json\/wp\/v2\/pages\/8967\/revisions"}],"predecessor-version":[{"id":9232,"href":"https:\/\/efikipartners.com\/en\/wp-json\/wp\/v2\/pages\/8967\/revisions\/9232"}],"wp:featuredmedia":[{"embeddable":true,"href":"https:\/\/efikipartners.com\/en\/wp-json\/wp\/v2\/media\/6942"}],"wp:attachment":[{"href":"https:\/\/efikipartners.com\/en\/wp-json\/wp\/v2\/media?parent=8967"}],"curies":[{"name":"wp","href":"https:\/\/api.w.org\/{rel}","templated":true}]}}